{"id":9,"date":"2018-01-14T17:29:40","date_gmt":"2018-01-14T17:29:40","guid":{"rendered":"http:\/\/top-10-hotels-bangkok.com\/?page_id=9"},"modified":"2024-02-28T11:05:02","modified_gmt":"2024-02-28T11:05:02","slug":"top-10-hotels-near-khao-san-road","status":"publish","type":"page","link":"http:\/\/top-10-hotels-bangkok.com\/de_DE\/top-10-hotels-near-khao-san-road\/","title":{"rendered":"Top 10 Hotels Khao San Road"},"content":{"rendered":"<p><a href=\"https:\/\/www.hotelscombined.com\/Hotel\/Riva_Surya.htm?a_aid=190096\" target=\"_blank\" rel=\"noopener\"><img fetchpriority=\"high\" decoding=\"async\" class=\"alignleft\" src=\"\/\/pix6.agoda.net\/hotelImages\/304\/304327\/304327_16111412350048686228.jpg?s=480x360\" srcset=\"\/\/pix6.agoda.net\/hotelImages\/304\/304327\/304327_16111412350048686228.jpg?s=480x360 1x, \/\/pix6.agoda.net\/hotelImages\/304\/304327\/304327_16111412350048686228.jpg?s=960x720 2x\" alt=\"Riva Suray Bangkok best Hotel Khao San Road Bangkok Thailand\" width=\"480\" height=\"360\" \/><\/a> <strong>1.\u00a0TOP 10 HOTELS KHAO SAN ROAD<\/strong><br \/>\nPREIS-LEISTUNG\u00a0<strong>8,3<\/strong> (<a href=\"https:\/\/www.agoda.com\/de-de\/riva-surya-bangkok-hotel\/hotel\/bangkok-th.html?cid=1797874\">agoda.com<\/a>)\u00a0<span style=\"color: #ffffff;\">hotels near khao san road<\/span><\/p>\n<p>deine Hostel Backpacking Tage sind vorbei aber du liebst noch immer die Gegend um Khao San Road und China Town? Das\u00a0<a href=\"https:\/\/www.hotelscombined.com\/Hotel\/Riva_Surya.htm?a_aid=190096\" target=\"_blank\" rel=\"noopener\">Riva Surya Bangkok Hotel<\/a>\u00a0ist eine Oase der Entspannung in einer authentischen thail\u00e4ndischen Atmosphere.<br \/>\nFr\u00fchst\u00fccken mit Khao Phraya River Blick, privater Balkon und wundersch\u00f6nem Hotel Pool sind nur einige der wundersch\u00f6nen Dinge, unseres besten Hotels, der Top 10 Hotels Khao San Road Liste.<\/p>\n<p>Preise starten bei <strong>120\u20ac<\/strong> pro Nacht.\u00a0<a href=\"https:\/\/www.agoda.com\/de-de\/riva-surya-bangkok-hotel\/hotel\/bangkok-th.html?cid=1797874\">BUCHE HIER<\/a>\u00a0mit Bester-Preis-Garantie.<\/p>\n<p>&nbsp;<\/p>\n<p>&nbsp;<\/p>\n<p>&nbsp;<\/p>\n<p>&nbsp;<\/p>\n<p><a href=\"https:\/\/www.hotelscombined.com\/Hotel\/Villa_Phra_Sumen_Bangkok.htm?a_aid=190096\" target=\"_blank\" rel=\"noopener\"><img decoding=\"async\" class=\"alignleft\" src=\"\/\/pix6.agoda.net\/hotelImages\/522\/522734\/522734_14042918320019252612.jpg?s=480x360\" srcset=\"\/\/pix6.agoda.net\/hotelImages\/522\/522734\/522734_14042918320019252612.jpg?s=480x360 1x, \/\/pix6.agoda.net\/hotelImages\/522\/522734\/522734_14042918320019252612.jpg?s=960x720 2x\" alt=\"villa phra sumen best Hotel Khao San Road Bangkok Thailand\" width=\"480\" height=\"360\" \/><\/a> <strong>2. TOP 10 HOTELS NEAR KHAO SAN ROAD<\/strong><br \/>\nPREIS-LEISTUNG\u00a0<strong>8,7<\/strong> (<a href=\"https:\/\/www.agoda.com\/partners\/partnersearch.aspx?cid=1797874&amp;pcs=1&amp;hid=522734\">agoda.com<\/a>)<\/p>\n<p>die\u00a0<a href=\"https:\/\/www.hotelscombined.com\/Hotel\/Villa_Phra_Sumen_Bangkok.htm?a_aid=190096\" target=\"_blank\" rel=\"noopener\">Villa Phra Sumen<\/a>\u00a0steht in einer der \u00e4ltesten Stra\u00dfen in Bangkok. Ein Blick vom privatem Balkon erz\u00e4hlt die Geschichte Bangkoks historischer Seite. Jedes Zimmer hat hohe Decken und einen wundersch\u00f6nen Holzboden.<br \/>\nEs ist ein luxuri\u00f6ser Touch in einem Traum zur\u00fcck in das 18. Jahrhundert. Mit dem Hoteleigenem Tuk-Tuk sind die wichtigsten Sightseeings nur 5 Minuten entfernt.<\/p>\n<p>Preise starten bei <strong>60\u20ac<\/strong> pro Nacht.\u00a0<a href=\"https:\/\/www.agoda.com\/de-de\/villa-phra-sumen-bangkok\/hotel\/bangkok-th.html?cid=1797874\">BUCHE HIER<\/a>\u00a0mit Bester-Preis-Garantie.<\/p>\n<p>&nbsp;<\/p>\n<p>&nbsp;<\/p>\n<p>&nbsp;<\/p>\n<p>&nbsp;<\/p>\n<p><a href=\"https:\/\/www.agoda.com\/partners\/partnersearch.aspx?cid=1797874&amp;pcs=1&amp;sort=star5To1&amp;hid=985136\" target=\"_blank\" rel=\"noopener\"><img decoding=\"async\" class=\"alignleft\" src=\"\/\/pix6.agoda.net\/hotelImages\/985136\/-1\/378ee1e1d3ddccc80991e57f3b3484bd.jpg?s=480x360\" srcset=\"\/\/pix6.agoda.net\/hotelImages\/985136\/-1\/378ee1e1d3ddccc80991e57f3b3484bd.jpg?s=480x360 1x, \/\/pix6.agoda.net\/hotelImages\/985136\/-1\/378ee1e1d3ddccc80991e57f3b3484bd.jpg?s=960x720 2x\" alt=\"pool of nanda heritage hotel best Hotel Khao San Road Bangkok Thailand\" width=\"480\" height=\"360\" \/><\/a><strong style=\"color: #333333;\">3. TOP 10 HOTELS NEAR KHAO SAN ROAD<\/strong><br \/>\nPREIS-LEISTUNG\u00a0<strong style=\"color: #333333;\">8,6<\/strong> (<a href=\"https:\/\/www.agoda.com\/partners\/partnersearch.aspx?cid=1797874&amp;pcs=1&amp;sort=star5To1&amp;hid=985136\">agoda.com<\/a>)<\/p>\n<p>abseits der gro\u00dfe Hotels, das\u00a0<a href=\"https:\/\/www.hotelscombined.com\/Hotel\/Nanda_Heritage_Hotel.htm?a_aid=190096\" target=\"_blank\" rel=\"noopener\">Nanda Heritage Hotel<\/a>\u00a0in Bangkok bietet dir eine blaue Oase inmitten einer ruhigen Kulisse.<br \/>\nDas 3. Hotel auf unserer Liste besticht durch modernem Thai Design und verspielten Details. Es ist f\u00fcr alle, die ein Hotel mit gem\u00fctlicher und famili\u00e4rer Atmosphere, im historischen Teil Bangkoks suchen.<\/p>\n<p>Preise starten bei <strong style=\"color: #333333;\">65\u20ac<\/strong> pro Nacht (inkl. Fr\u00fchst\u00fcck).\u00a0<a href=\"https:\/\/www.agoda.com\/de-de\/nanda-heritage-hotel\/hotel\/bangkok-th.html?cid=1797874\">BUCHE HIER<\/a>\u00a0mit Bester-Preis-Garantie.<\/p>\n<p>&nbsp;<\/p>\n<p>&nbsp;<\/p>\n<p>&nbsp;<\/p>\n<p><a href=\"https:\/\/www.hotelscombined.com\/Hotel\/Praya_Palazzo_Hotel_Bangkok.htm?a_aid=190096\" target=\"_blank\" rel=\"noopener\"><img loading=\"lazy\" decoding=\"async\" class=\"alignleft\" src=\"\/\/pix6.agoda.net\/hotelImages\/237\/237760\/237760_13030122200010724829.jpg?s=480x360\" srcset=\"\/\/pix6.agoda.net\/hotelImages\/237\/237760\/237760_13030122200010724829.jpg?s=480x360 1x, \/\/pix6.agoda.net\/hotelImages\/237\/237760\/237760_13030122200010724829.jpg?s=960x720 2x\" alt=\"pool of villa phraya palazzo hotel best Hotel Khao San Road Bangkok Thailand\" width=\"480\" height=\"360\" \/><\/a> <strong>4. TOP 10 HOTELS NEAR KHAO SAN ROAD<\/strong><br \/>\nPREIS-LEISTUNG\u00a0<strong>8,3<\/strong> (<a href=\"https:\/\/www.agoda.com\/partners\/partnersearch.aspx?cid=1797874&amp;pcs=1&amp;sort=star5To1&amp;hid=237760\">agoda.com<\/a>)<\/p>\n<p>was einst eine herrliche private italienische Villa war ist nun das\u00a0<a href=\"https:\/\/www.agoda.com\/de-de\/praya-palazzo-hotel\/hotel\/bangkok-th.html?&amp;cid=1797874\" target=\"_blank\" rel=\"noopener\">Praya Palazzo Hotel<\/a>. 4-Sterne Luxus und gem\u00fctliche Zimmer in einem gr\u00fcnen Garten Szenerie mit privatem Hotel Boot. Alle historischen Tempel an Bangkoks Fluss Khao Phraya sind nur einen Paddelschlag entfernt.<\/p>\n<p>Preise starten bei <strong>125\u20ac<\/strong> pro Nacht.\u00a0<a href=\"https:\/\/www.agoda.com\/de-de\/villa-phra-sumen-bangkok\/hotel\/bangkok-th.html?cid=1797874\">BUCHE HIER<\/a>\u00a0mit Bester-Preis-Garantie.<\/p>\n<p>&nbsp;<\/p>\n<p>&nbsp;<\/p>\n<p>&nbsp;<\/p>\n<p>&nbsp;<\/p>\n<p>&nbsp;<\/p>\n<p><img loading=\"lazy\" decoding=\"async\" class=\"alignleft\" src=\"\/\/pix6.agoda.net\/hotelImages\/162\/1621600\/1621600_17080114170054810284.jpg?s=480x360\" srcset=\"\/\/pix6.agoda.net\/hotelImages\/162\/1621600\/1621600_17080114170054810284.jpg?s=480x360 1x, \/\/pix6.agoda.net\/hotelImages\/162\/1621600\/1621600_17080114170054810284.jpg?s=960x720 2x\" alt=\"chann bangkok noi best Hotel Khao San Road Bangkok Thailand\" width=\"480\" height=\"360\" \/><strong style=\"color: #333333;\">5. TOP 10 HOTELS NEAR KHAO SAN ROAD<\/strong><br \/>\n<span style=\"color: #333333;\">PREIS-LEISTUNG\u00a0<\/span><strong style=\"color: #333333;\">8,4<\/strong><span style=\"color: #333333;\"> (<\/span><a href=\"https:\/\/www.agoda.com\/partners\/partnersearch.aspx?cid=1797874&amp;pcs=1&amp;sort=star5To1&amp;hid=1621600\">agoda.com<\/a><span style=\"color: #333333;\">) <\/span><\/p>\n<p><span style=\"color: #333333;\">&#8220;chann&#8221; ist das thail\u00e4ndische Wort f\u00fcr h\u00f6lzerner Weg. Es gibt keinen zutreffenderen Namen f\u00fcr das Hotel\u00a0<\/span><a href=\"https:\/\/www.hotelscombined.com\/Hotel\/Chann_Bangkok_Noi.htm?a_aid=190096\" target=\"_blank\" rel=\"noopener\">CHANN Bangkok-Noi.<\/a><br \/>\n<span style=\"color: #333333;\">Es ist direkt am Fluss und durch die thail\u00e4ndische Holz Einrichtung ist dieses Hotel etwas ganz besonderes im historsichen Herzens Bangkoks. Die luxuri\u00f6sen Zimmer im Bungalow Stil werden dich mit warmen Licht und ruhe beschenken, die du nirgendwo anders in Bangkok findest.<\/span><\/p>\n<p><span style=\"color: #333333;\">Preise starten bei <\/span><strong style=\"color: #333333;\">80\u20ac<\/strong><span style=\"color: #333333;\"> pro Nacht.\u00a0<\/span><a href=\"https:\/\/www.agoda.com\/partners\/partnersearch.aspx?cid=1797874&amp;hl=en&amp;hid=1621600&amp;pcs=5\">BUCHE HIER<\/a><span style=\"color: #333333;\">\u00a0mit Bester-Preis-Garantie.<\/span><\/p>\n<p>&nbsp;<\/p>\n<p>&nbsp;<\/p>\n<p>&nbsp;<\/p>\n<p><a href=\"https:\/\/www.hotelscombined.com\/Hotel\/The_Warehouse_Bangkok.htm?a_aid=190096\" target=\"_blank\" rel=\"noopener\"><img loading=\"lazy\" decoding=\"async\" class=\"alignleft\" src=\"\/\/pix6.agoda.net\/hotelImages\/298\/298717\/298717_15060415200028500946.jpg?s=480x360\" srcset=\"\/\/pix6.agoda.net\/hotelImages\/298\/298717\/298717_15060415200028500946.jpg?s=480x360 1x, \/\/pix6.agoda.net\/hotelImages\/298\/298717\/298717_15060415200028500946.jpg?s=960x720 2x\" alt=\"the warehouse bangkok best Hotel Khao San Road Bangkok Thailand\" width=\"480\" height=\"360\" \/><\/a><strong>6. TOP 10 HOTELS NEAR KHAO SAN ROAD<\/strong><br \/>\nPREIS-LEISTUNG\u00a0<strong>8,4<\/strong> (<a href=\"https:\/\/www.agoda.com\/partners\/partnersearch.aspx?cid=1797874&amp;pcs=1&amp;hid=298717\">agoda.com<\/a>)<\/p>\n<p>einzigartiges Industrie Design wartet im\u00a0<a href=\"https:\/\/www.hotelscombined.com\/Hotel\/The_Warehouse_Bangkok.htm?a_aid=190096\" target=\"_blank\" rel=\"noopener\">The Warehouse Bangkok<\/a>\u00a0auf dich. Ein Ort an dem verschieden Welten zusammen kommen.<br \/>\nIn jeder europ\u00e4ischen Stadt w\u00e4re solch ein Zimmer unbezahlbar. Das\u00a0<a href=\"https:\/\/www.hotelscombined.com\/Hotel\/The_Warehouse_Bangkok.htm?a_aid=190096\" target=\"_blank\" rel=\"noopener\">Warehouse Bangkok<\/a>\u00a0ist der richtige Ort f\u00fcr alle frei Geister und Macbook Users.<\/p>\n<p>Preise starten bei <strong>50\u20ac<\/strong> pro Nacht.\u00a0<a href=\"https:\/\/www.agoda.com\/de-de\/villa-phra-sumen-bangkok\/hotel\/bangkok-th.html?cid=1797874\">BUCHE HIER<\/a>\u00a0mit Bester-Preis-Garantie.<\/p>\n<p>&nbsp;<\/p>\n<p>&nbsp;<\/p>\n<p>&nbsp;<\/p>\n<p>&nbsp;<\/p>\n<p>&nbsp;<\/p>\n<p><a href=\"https:\/\/www.hotelscombined.com\/Hotel\/Baan_Noppawong.htm?a_aid=190096\" target=\"_blank\" rel=\"noopener\"><img loading=\"lazy\" decoding=\"async\" class=\"alignleft\" src=\"\/\/pix6.agoda.net\/hotelImages\/287\/287391\/287391_14031200160018653113.jpg?s=480x360\" srcset=\"\/\/pix6.agoda.net\/hotelImages\/287\/287391\/287391_14031200160018653113.jpg?s=480x360 1x, \/\/pix6.agoda.net\/hotelImages\/287\/287391\/287391_14031200160018653113.jpg?s=960x720 2x\" alt=\"baan noppawong best Hotel Khao San Road Bangkok Thailand\" width=\"480\" height=\"360\" \/><\/a><strong>7. TOP 10 HOTELS NEAR KHAO SAN ROAD<\/strong><br \/>\nPREIS-LEISTUNG\u00a0<strong>8,1<\/strong> (<a href=\"https:\/\/www.agoda.com\/partners\/partnersearch.aspx?cid=1797874&amp;pcs=1&amp;hid=287391\">agoda.com<\/a>)<\/p>\n<p>einen frischen hausgemachten Kaffee im Hinterhof des\u00a0<a href=\"https:\/\/www.hotelscombined.com\/Hotel\/Baan_Noppawong.htm?a_aid=190096\" target=\"_blank\" rel=\"noopener\">Baan Noppawong<\/a>\u00a0genie\u00dfen, ist der beste Weg den Tag in Bangkok zu starten.<br \/>\nEs ist ein kleines verzaubertes Hotel im Herzen Bangkoks. Ruhig aber trotzdem nahe der Khao San Road und China Town. Das\u00a0<a href=\"https:\/\/www.hotelscombined.com\/Hotel\/Baan_Noppawong.htm?a_aid=190096\" target=\"_blank\" rel=\"noopener\">Baan Noppawong<\/a>\u00a0ist f\u00fcr Reisende die, das echte Thailand erleben wollen oder diejenigen die den echten thail\u00e4ndischen Lifestyle kennen lernen wollen.<\/p>\n<p>&nbsp;<\/p>\n<p>Preise starten bei <strong>50\u20ac<\/strong> pro Nacht.\u00a0<a href=\"https:\/\/www.agoda.com\/partners\/partnersearch.aspx?cid=1797874&amp;hl=en&amp;hid=287391&amp;pcs=5\">BUCHE HIER<\/a>\u00a0mit Bester-Preis-Garantie.<\/p>\n<p>&nbsp;<\/p>\n<p>&nbsp;<\/p>\n<p>&nbsp;<\/p>\n<p><a href=\"https:\/\/www.agoda.com\/partners\/partnersearch.aspx?cid=1797874&amp;pcs=1&amp;hid=2419278\" target=\"_blank\" rel=\"noopener\"><img loading=\"lazy\" decoding=\"async\" class=\"alignleft\" src=\"\/\/pix6.agoda.net\/hotelImages\/2419278\/-1\/61c66f30cbca3a3c98c86d9d6635f725.jpg?s=480x360\" srcset=\"\/\/pix6.agoda.net\/hotelImages\/2419278\/-1\/61c66f30cbca3a3c98c86d9d6635f725.jpg?s=480x360 1x, \/\/pix6.agoda.net\/hotelImages\/2419278\/-1\/61c66f30cbca3a3c98c86d9d6635f725.jpg?s=960x720 2x\" alt=\"bbhouse rambutri best Hotel Khao San Road Bangkok Thailand\" width=\"480\" height=\"360\" \/><\/a><strong>8. TOP 10 HOTELS NEAR KHAO SAN ROAD<\/strong><br \/>\nPREIS-LEISTUNG\u00a0<strong>8,9<\/strong> (<a href=\"https:\/\/www.agoda.com\/partners\/partnersearch.aspx?cid=1797874&amp;pcs=1&amp;hid=2419278\">agoda.com<\/a>)<\/p>\n<p>unser 8. Platz geht an alle Backpackers. Treffe hier andere Backpacker auf der Dachterrasse und geht zusammen neben an, auf der Khao San Road was trinken.<br \/>\nDas\u00a0<a href=\"https:\/\/www.agoda.com\/partners\/partnersearch.aspx?cid=1797874&amp;pcs=1&amp;hid=2419278\" target=\"_blank\" rel=\"noopener\">BBhouse Rambutri<\/a>\u00a0in Bangkok ist unsere erste Adresse f\u00fcr einen eigenes aber m\u00f6glichst billiges Zimmer. Deshalb auch perfekt f\u00fcr P\u00e4rchen geeignet!<\/p>\n<p>Preise starten bei <strong>15\u20ac <\/strong>pro Nacht (Einzelzimmer). <a href=\"https:\/\/www.agoda.com\/de-de\/bbhouse-rambutri\/hotel\/bangkok-th.html?cid=1797874\">BUCHE HIER<\/a>\u00a0mit Bester-Preis-Garantie.<\/p>\n<p>&nbsp;<\/p>\n<p>&nbsp;<\/p>\n<p>&nbsp;<\/p>\n<p>&nbsp;<\/p>\n<p><a href=\"https:\/\/www.hotelscombined.com\/Hotel\/Honey_Place_Guesthouse.htm?a_aid=190096\" target=\"_blank\" rel=\"noopener\"><img loading=\"lazy\" decoding=\"async\" class=\"alignleft\" src=\"\/\/pix6.agoda.net\/geo\/poi\/22120\/2_22120.jpg?s=480x360\" srcset=\"\/\/pix6.agoda.net\/geo\/poi\/22120\/2_22120.jpg?s=480x360 1x, \/\/pix6.agoda.net\/geo\/poi\/22120\/2_22120.jpg?s=960x720 2x\" alt=\"the honey place guesthouse best Hotel Khao San Road Bangkok Thailand\" width=\"480\" height=\"360\" \/><\/a><strong>9. TOP 10 HOTELS NEAR KHAO SAN ROAD<\/strong><br \/>\nPREIS-LEISTUNG\u00a0<strong>8,7<\/strong> (<a href=\"https:\/\/www.agoda.com\/partners\/partnersearch.aspx?cid=1797874&amp;pcs=1&amp;hid=1467081\">agoda.com<\/a>)<\/p>\n<p>Das\u00a0<a href=\"https:\/\/www.hotelscombined.com\/Hotel\/Honey_Place_Guesthouse.htm?a_aid=190096\" target=\"_blank\" rel=\"noopener\">Honey Place Guesthouse<\/a>\u00a0bekommt unseren neuen Platz. Es ist eins der billigsten Hostels mit Einzel-\/Doppelbetten Zimmer.<br \/>\nHier bekommst du ein super g\u00fcnstiges Zimmer, das du dir nicht mit anderen schnarchenden Backpackern teilen musst. Das freundliche, gut organisierte Personal und die sauberen Zimmer sprechen f\u00fcr das hohe Rating von 8,7!<\/p>\n<p>Preise starten bei <strong>10\u20ac <\/strong>pro Nacht (Einzelzimmer).\u00a0<a href=\"https:\/\/www.agoda.com\/partners\/partnersearch.aspx?cid=1797874&amp;hl=en&amp;hid=1467081&amp;pcs=5\">BUCHE HIER<\/a>\u00a0mit Bester-Preis-Garantie.<\/p>\n<p>&nbsp;<\/p>\n<p>&nbsp;<\/p>\n<p>&nbsp;<\/p>\n<p><a href=\"https:\/\/www.agoda.com\/partners\/partnersearch.aspx?cid=1797874&amp;pcs=1&amp;hid=304994\" target=\"_blank\" rel=\"noopener\"><img loading=\"lazy\" decoding=\"async\" class=\"alignleft\" src=\"\/\/pix6.agoda.net\/hotelImages\/304\/304994\/304994_14052915550019628126.jpg?s=480x360\" srcset=\"\/\/pix6.agoda.net\/hotelImages\/304\/304994\/304994_14052915550019628126.jpg?s=480x360 1x, \/\/pix6.agoda.net\/hotelImages\/304\/304994\/304994_14052915550019628126.jpg?s=960x720 2x\" alt=\"phiman river view guest house best Hotel Khao San Road Bangkok Thailand\" width=\"480\" height=\"360\" \/><\/a> <strong>10. TOP 10 HOTELS NEAR KHAO SAN ROAD<\/strong><br \/>\nPREIS-LEISTUNG\u00a0<strong>7,1<\/strong> (<a href=\"https:\/\/www.agoda.com\/partners\/partnersearch.aspx?cid=1797874&amp;pcs=1&amp;hid=304994\">agoda.com<\/a>)<\/p>\n<p>f\u00fcr alle Backpacker die ein Landgef\u00fchl, mit Flussblick und kleinen H\u00fctten haben m\u00f6chten, f\u00fcr alle die, die nicht alles 100% sauber brauchen und das einfache Thai Leben akzeptieren und leben m\u00f6chten, ist das\u00a0<a href=\"https:\/\/www.agoda.com\/de-de\/phiman-river-view-guest-house\/hotel\/bangkok-th.html?cid=1797874\" target=\"_blank\" rel=\"noopener\">Phiman River View Guest House<\/a>, genau der richtige Ort.<br \/>\nHier bekommst du eine eigene H\u00fctte oder ein Gemeinschaftszimmer und teilst das Badezimmer mit deinen Mitmenschen.<\/p>\n<p>Preise starten bei <strong>6\u20ac <\/strong>pro Nacht (Einzelzimmer). <a href=\"https:\/\/www.agoda.com\/de-de\/phiman-river-view-guest-house\/hotel\/bangkok-th.html?cid=1797874\">BUCHE HIER<\/a>\u00a0mit Bester-Preis-Garantie.<\/p>\n<p>&nbsp;<\/p>\n<p>&nbsp;<\/p>\n<p>&nbsp;<\/p>\n<p>&nbsp;<\/p>\n<p>&nbsp;<\/p>\n<p>Du willst ins Zentrum, in die N\u00e4he der Sukhumvit und dem Bangkok Sky Train? Guck dir unsere Liste der\u00a0<a href=\"http:\/\/top-10-hotels-bangkok.com\/top-10-hotels-100eur-bangkok\/\">Top 10 Hotels unter 100\u20ac in Bangkok<\/a>\u00a0an.<\/p>\n<p>Was unternehmen in Bangkok? Auf unsere <a href=\"http:\/\/top-10-hotels-bangkok.com\/de_DE\/top-10-things-to-do-in-bangkok\/\">Top 10 Things To Do in Bangkok<\/a> Liste, findest du die besten und vor allem authentischsten Tips! <a href=\"https:\/\/www.agoda.com?cid=1797874&amp;pcs=5\" target=\"_blank\" rel=\"noopener\">agoda.com<\/a> bietet Best-Preis-Garantie.<br \/>\nFalls du eine andere Buchungsseite mit einem g\u00fcnstigeren Preis am gleichen Tag findest, an dem du bei <a href=\"https:\/\/www.agoda.com?cid=1797874&amp;pcs=5\" target=\"_blank\" rel=\"noopener\">agoda<\/a> buchst, mach eine Screenshot und sende ihn ein.<br \/>\nDu bekommst einen Preisnachlass, garantiert zum g\u00fcnstigeren Preis.<\/p>\n<p>Nach unserer Erfahrung ist\u00a0<a href=\"https:\/\/www.agoda.com?cid=1797874&amp;pcs=5\" target=\"_blank\" rel=\"noopener\">agoda<\/a>\u00a0aber immer am billigsten, zumindest in Thailand und Laos.<\/p>\n<p>Wie dem auch sei, falls du trotzdem Preise vergleichen m\u00f6chtest, kannst du das hier: <a href=\"https:\/\/www.hotelscombined.com\/?a_aid=190096\" target=\"_blank\" rel=\"nofollow noopener\"><img decoding=\"async\" class=\"alignleft\" title=\"Save on your hotel - www.hotelscombined.com\" src=\"https:\/\/assets.portalhc.com\/banners\/affiliate\/en\/300x250_Bangkok-1.gif?cdn=3\" alt=\"Save on your hotel - www.hotelscombined.com\" border=\"0\" \/><\/a><\/p>\n<p>&nbsp;<\/p>\n<p>&nbsp;<\/p>\n","protected":false},"excerpt":{"rendered":"<p><a href=\"https:\/\/www.hotelscombined.com\/Hotel\/Riva_Surya.htm?a_aid=190096\" target=\"_blank\" rel=\"noopener\"><img decoding=\"async\" class=\"alignleft\" src=\"\/\/pix6.agoda.net\/hotelImages\/304\/304327\/304327_16111412350048686228.jpg?s=480x360\" srcset=\"\/\/pix6.agoda.net\/hotelIma...\n<\/p>\n","protected":false},"author":1,"featured_media":0,"parent":0,"menu_order":2,"comment_status":"closed","ping_status":"closed","template":"","meta":{"footnotes":""},"class_list":["post-9","page","type-page","status-publish","hentry"],"_links":{"self":[{"href":"http:\/\/top-10-hotels-bangkok.com\/de_DE\/wp-json\/wp\/v2\/pages\/9","targetHints":{"allow":["GET"]}}],"collection":[{"href":"http:\/\/top-10-hotels-bangkok.com\/de_DE\/wp-json\/wp\/v2\/pages"}],"about":[{"href":"http:\/\/top-10-hotels-bangkok.com\/de_DE\/wp-json\/wp\/v2\/types\/page"}],"author":[{"embeddable":true,"href":"http:\/\/top-10-hotels-bangkok.com\/de_DE\/wp-json\/wp\/v2\/users\/1"}],"replies":[{"embeddable":true,"href":"http:\/\/top-10-hotels-bangkok.com\/de_DE\/wp-json\/wp\/v2\/comments?post=9"}],"version-history":[{"count":110,"href":"http:\/\/top-10-hotels-bangkok.com\/de_DE\/wp-json\/wp\/v2\/pages\/9\/revisions"}],"predecessor-version":[{"id":1303,"href":"http:\/\/top-10-hotels-bangkok.com\/de_DE\/wp-json\/wp\/v2\/pages\/9\/revisions\/1303"}],"wp:attachment":[{"href":"http:\/\/top-10-hotels-bangkok.com\/de_DE\/wp-json\/wp\/v2\/media?parent=9"}],"curies":[{"name":"wp","href":"https:\/\/api.w.org\/{rel}","templated":true}]}}