{"id":73,"date":"2018-01-15T18:08:51","date_gmt":"2018-01-15T18:08:51","guid":{"rendered":"http:\/\/top-10-hotels-bangkok.com\/?page_id=73"},"modified":"2024-02-28T11:17:55","modified_gmt":"2024-02-28T11:17:55","slug":"top-10-things-to-do-in-bangkok","status":"publish","type":"page","link":"http:\/\/top-10-hotels-bangkok.com\/de_DE\/top-10-things-to-do-in-bangkok\/","title":{"rendered":"Top 10 Things To Do in Bangkok"},"content":{"rendered":"<p><img fetchpriority=\"high\" decoding=\"async\" class=\"size-full wp-image-111 alignleft\" src=\"http:\/\/top-10-hotels-bangkok.com\/wp-content\/uploads\/Sightseeings\/StockSnap_ZHE8MYRQ8S-e1516043493323.jpg\" alt=\"\" width=\"480\" height=\"321\" \/><\/p>\n<h5>TOP 10 THINGS TO DO IN BANGKOK<\/h5>\n<p>&nbsp;<\/p>\n<p>Nachdem ich schon 7 mal in Bangkok war (stand 2017) m\u00f6chte ich meine pers\u00f6nlichen &#8220;Top 10 Things To Do in Bangkok&#8221; mit euch teilen.<\/p>\n<p>Auch wenn nat\u00fcrlich die Khao San Road und die zahlreichen Tempel auf meiner Liste sind, stelle ich euch wirklich authentische Sachen vor, die man in Bangkok auf keine Fall verpassen sollte.<\/p>\n<p>Stift raus und aufschreiben!<\/p>\n<p>&nbsp;<\/p>\n<p>&nbsp;<\/p>\n<p>&nbsp;<\/p>\n<figure id=\"attachment_107\" aria-describedby=\"caption-attachment-107\" style=\"width: 480px\" class=\"wp-caption alignleft\"><a href=\"http:\/\/top-10-hotels-bangkok.com\/rot-fai-train-market\/\"><img decoding=\"async\" class=\"wp-image-107 size-full\" src=\"http:\/\/top-10-hotels-bangkok.com\/wp-content\/uploads\/Sightseeings\/richard-silver-509699-e1516200382647.jpg\" alt=\"rot fai train market bangkok thailand\" width=\"480\" height=\"318\" \/><\/a><figcaption id=\"caption-attachment-107\" class=\"wp-caption-text\">Photo by: Richard Silver<\/figcaption><\/figure>\n<h5><strong> 1. TOP 10 THINGS TO DO IN BANGKOK<\/strong><\/h5>\n<p><a href=\"http:\/\/top-10-hotels-bangkok.com\/rot-fai-train-market\/\">ROT FAI NIGHT MARKET<\/a><\/p>\n<p>ge\u00f6ffnet von Donnerstag bis Sontag, ist der Rot Fai Night Market der bunteste, sch\u00f6nste und authentischste Markt, den ich in Thailand je gesehen habe.<\/p>\n<p>Zu den typischen Sachen die auch auf anderen Thai M\u00e4rkten zu sehen sind, gibt es hier kleine Lagerh\u00e4user, wo man etliche verr\u00fcckte Werkst\u00e4tten mit Oldtimer und aufgemotzte Motorbikes findet, kleine s\u00fc\u00dfe Kaffeerestaurants und eine menge einzigartiger thail\u00e4ndischer urban-hipster Geschenkel\u00e4den. So oder irgendwie so kann man es beschreiben \ud83d\ude00 auf jeden Fall ist es eine unglaubliche Erfahrung.<\/p>\n<p>Beendet eure Einkauf und Street Food Tour mit etwas Live Musik und g\u00f6nnt euch einen Biertower in einen der gro\u00dfartigen Bars. Ein weiterer Grund weshalb der Rot Fai Night Market meine pers\u00f6nliche Nummer 1 ist, hier sind nicht viele Touristen und auch keine Leute die einen nerven, ihren Kram zu kaufen. Auf zur BTS Udom Suk!<\/p>\n<p>Von hier aus rein ins Taxi!<\/p>\n<p><a href=\"http:\/\/top-10-hotels-bangkok.com\/rooftop-bar-bangkok\/\" target=\"_blank\" rel=\"noopener\"><img decoding=\"async\" class=\"alignleft\" src=\"\/\/pix6.agoda.net\/hotelImages\/411\/411514\/411514_16030920090040630923.jpg?s=480x360\" srcset=\"\/\/pix6.agoda.net\/hotelImages\/411\/411514\/411514_16030920090040630923.jpg?s=480x360 1x, \/\/pix6.agoda.net\/hotelImages\/411\/411514\/411514_16030920090040630923.jpg?s=960x720 2x\" alt=\"octave rooftop bar bangkok thailand \" width=\"480\" height=\"360\" \/><\/a><\/p>\n<h5>2. TOP 10 THINGS TO DO IN BANGKOK<\/h5>\n<p>BESUCHT EINE\u00a0<a href=\"http:\/\/top-10-hotels-bangkok.com\/rooftop-bar-bangkok\/\">ROOFTOP BAR<\/a><\/p>\n<p>mit 59 Geb\u00e4uden \u00fcber 150 Meter, ist Bangkok auf Weltrang 18. als Stadt mit den meisten Wolkenkrater.<\/p>\n<p>Es ist wirklich das geilste was man zum Sonnenuntergang in Bangkok machen kann, deshalb ist es meine Nummer 2 der Things To Do in Bangkok. Es gibt unglaublich viele und vor allem teure Skybars in Bangkok. Ich war in einigen zwischen dem 26. und 48. Stockwerk.<\/p>\n<p>Leider war ich noch nie in der h\u00f6chsten (The Roof Top Bar) aber dort soll es, bis auf den Blick, wohl eh \u00e4tzend sein. Zu \u00fcberteuert und kitschige M\u00f6blierung. Also schlage ich euch die Octave Rooftop Bar (auf dem Bild) vor.<\/p>\n<p>Es ist auf dem Luxushotel\u00a0<a href=\"https:\/\/www.agoda.com\/partners\/partnersearch.aspx?cid=1797874&amp;pcs=1&amp;hid=411514\">Marriott Hotel<\/a>\u00a0an der Skytrain Station Thong Lo. Hier darfst du auch mit kurzen Hosen und T-Shirt rein (keine Flipflops!!) und mal abgesehen vom unglaublichen Blick gibt es hier von 17-19Uhr Happy Hour \ud83d\ude09<\/p>\n<p>&nbsp;<\/p>\n<p>&nbsp;<\/p>\n<p><a href=\"http:\/\/top-10-hotels-bangkok.com\/temples-bangkok\"><img loading=\"lazy\" decoding=\"async\" class=\"alignleft wp-image-94 size-full\" src=\"http:\/\/top-10-hotels-bangkok.com\/wp-content\/uploads\/Sightseeings\/grand-palace-1822487_1920-e1516115224850.jpg\" alt=\"temples bangkok thailand\" width=\"480\" height=\"185\" \/><\/a><\/p>\n<h5>3. TOP 10 THINGS TO DO IN BANGKOK<\/h5>\n<p>SCHAU DIR EIN PAAR\u00a0<a href=\"http:\/\/top-10-hotels-bangkok.com\/temples-bangkok\">TEMPEL<\/a><\/p>\n<p>die gr\u00f6\u00dften und ber\u00fchmtesten Tempel in Bangkok sind der Wat Phra, Wat Pho (liegender Buddha) und der Wat Arun Tempel.<\/p>\n<p>Wenn du aber die Zeit hast, empfehle ich dir eine Tagestour nach Ayutthaya, zu buchen, um den historischen Teil Thailands zu sehen. Ayutthaya ist die alte Hauptstadt Thailands und hat um die 20 verschiedene Bauwerke.<\/p>\n<p>&nbsp;<\/p>\n<figure id=\"attachment_98\" aria-describedby=\"caption-attachment-98\" style=\"width: 480px\" class=\"wp-caption alignleft\"><a href=\"http:\/\/top-10-hotels-bangkok.com\/temples-bangkok\"><img loading=\"lazy\" decoding=\"async\" class=\"wp-image-98 size-full\" src=\"http:\/\/top-10-hotels-bangkok.com\/wp-content\/uploads\/Sightseeings\/javier-graterol-387603-e1516115623603.jpg\" alt=\"Wa Mahathat Temple Bangkok Thailand\" width=\"480\" height=\"360\" \/><\/a><figcaption id=\"caption-attachment-98\" class=\"wp-caption-text\">Photo by: Javier Graterol<\/figcaption><\/figure>\n<p>Geh sicher, das diese drei Anlagen auf der Tour angefahren werden:<\/p>\n<p>Wat Mahathat (Bild links) das \u00e4lteste und gro\u00dfartigste Bauwerk in Ayutthaya<\/p>\n<p>Wat Yai Chai Mongkon: Ein riesiger Tempel und zahlreiche Reihen von Buddha Statuen. Wirklich ein sehr einpr\u00e4gender Ort.<\/p>\n<p>Wat Chai Watthanaram: Diese Anlage ist geheimnisvoll, hier denkt man wirklich in der Zeit zur\u00fcck gereist zu sein.<\/p>\n<p>&nbsp;<\/p>\n<p>&nbsp;<\/p>\n<p>&nbsp;<\/p>\n<p>&nbsp;<\/p>\n<p>&nbsp;<\/p>\n<p>&nbsp;<\/p>\n<figure id=\"attachment_101\" aria-describedby=\"caption-attachment-101\" style=\"width: 480px\" class=\"wp-caption alignleft\"><a href=\"http:\/\/top-10-hotels-bangkok.com\/mae-klong-train-market\/\"><img loading=\"lazy\" decoding=\"async\" class=\"wp-image-101 size-full\" src=\"http:\/\/top-10-hotels-bangkok.com\/wp-content\/uploads\/Sightseeings\/lim-eng-316262-e1516121652194.jpg\" alt=\"mae klin train market bangkok thailand\" width=\"480\" height=\"319\" \/><\/a><figcaption id=\"caption-attachment-101\" class=\"wp-caption-text\">Photo by: Lim Eng<\/figcaption><\/figure>\n<h5>4. TOP 10 THINGS TO DO IN BANGKOK<\/h5>\n<p>VISIT THE <a href=\"http:\/\/top-10-hotels-bangkok.com\/mae-klong-train-market\">REAL TRAIN MARKET<\/a> AND THE BEST <a href=\"http:\/\/top-10-hotels-bangkok.com\/amphawa-floating-market\">FLOATING MARKET<\/a><\/p>\n<p>ok, seien wir ehrlich, die zwei Ausflugsziel sind nicht direkt in Bangkok aber der Weg dort hin ist es wert!<\/p>\n<p>Wichtig zu Wissen: Der Floating Market hat nur Samstags und Sonntags ge\u00f6ffnet.<\/p>\n<p>Also \u00fcberspring unsere Nummer 4, wenn du unter der Woche in Bangkok bist.<\/p>\n<p>Um hier hinzukommen geht du zum BTS Wongwian Yai (fr\u00fch Morgens!), wechsle von hier zum normalen Zug nach Maha Chain. Von diesem Bahnhof nimmst du das Boot um den Fluss zu \u00fcberqueren und steigst auf der anderen Seite in den Zug nach Mae Klong ein.<\/p>\n<p>Klingt kompliziert, ist aber echt easy. Falls du, nicht wie ich Thai Freunde dabei hast, folge einfach der Menschenmasse \ud83d\ude42\u00a0Der\u00a0<a href=\"http:\/\/top-10-hotels-bangkok.com\/mae-klong-train-market\/\"><strong>Mae Klong Train Market<\/strong><\/a>\u00a0ist die Endstation.<\/p>\n<p>&nbsp;<\/p>\n<p><a href=\"http:\/\/top-10-hotels-bangkok.com\/amphawa-floating-market\/\"><img loading=\"lazy\" decoding=\"async\" class=\"alignleft wp-image-88 size-full\" src=\"http:\/\/top-10-hotels-bangkok.com\/wp-content\/uploads\/Sightseeings\/bangkok-1020850_1920-e1516122417600.jpg\" alt=\"bangkok floating market amphawa\" width=\"480\" height=\"320\" \/><\/a><\/p>\n<p>Mach dir kurz ein Foto von den Abfahrtszeiten und genie\u00dfe den einzigartigen und echten Train Market. Er ist nicht sooo gro\u00df aber etwas in dieser Art wirst du nie wieder in deinem Leben sehen. Von hier sind es \u00fcbrigens nur 10 Tuk-Tuk Minuten zum, glaube mir, besten Floating Markt ever.<\/p>\n<p>Der\u00a0<a href=\"http:\/\/top-10-hotels-bangkok.com\/amphawa-floating-market\/\"><strong>Amphawa Floating Market<\/strong><\/a>\u00a0ist beliebt bei thail\u00e4ndischen Touristen und die Leute au\u00dferhalb Bangkoks sind viel netter. Nimm eine Bootstour durch den Markt und esse was zu Mittag.<\/p>\n<p>Insider Tipp: Frag deinen Fahrer, den Fluss zum <strong>Wat Bang Kung<\/strong> zu \u00fcberqueren. Das ist ein toller Tempel in einem riesigen Baum. Alternativ sind es auch nur 10 Tuk-Tuk Minuten vom Markt. Egal wie, geh dort hin!<\/p>\n<p>&nbsp;<\/p>\n<p>&nbsp;<\/p>\n<p>&nbsp;<\/p>\n<figure id=\"attachment_105\" aria-describedby=\"caption-attachment-105\" style=\"width: 480px\" class=\"wp-caption alignleft\"><a href=\"http:\/\/top-10-hotels-bangkok.com\/?p=171&amp;preview=true\"><img loading=\"lazy\" decoding=\"async\" class=\"wp-image-105 size-full\" src=\"http:\/\/top-10-hotels-bangkok.com\/wp-content\/uploads\/Sightseeings\/ragnar-vorel-311731-e1516188125446.jpg\" alt=\"khao san road bangkok thailand sightseeing\" width=\"480\" height=\"320\" \/><\/a><figcaption id=\"caption-attachment-105\" class=\"wp-caption-text\">Photo by: Ragnar Vorel<\/figcaption><\/figure>\n<h5>5. TOP 10 THINGS TO DO IN BANGKOK<\/h5>\n<p>BETRINK DICH IN DER\u00a0<a href=\"http:\/\/top-10-hotels-bangkok.com\/?p=171&amp;preview=true\">KHAO SAN ROAD<\/a><\/p>\n<p>f\u00fcr mich ist die Khao San Road eine Art Hassliebe.<\/p>\n<p>Es ist der Treffpunkt aller Backpackers, ein paar thail\u00e4ndischer Studenten und schlimmen Hangovers.<\/p>\n<p>In der Nacht ist es der lebendigste Ort Bangkoks. Dort sind eine Menge Bars, die viel zu laute Musik spielen und ein paar nette Bars mit offenem Balkon und thail\u00e4ndischer Live Musik. Am liebsten mag ich die &#8220;Happy Bar&#8221; und &#8220;Best Bar&#8221;.<\/p>\n<p>Der selbstgebraute und somit illegale Alkohol auf der <a href=\"http:\/\/top-10-hotels-bangkok.com\/?p=171&amp;preview=true\">Khao San Road<\/a> ist richtig billig aber du bezahlst am n\u00e4chsten Tag daf\u00fcr. Hier gibt es auch ein paar Clubs in die man nach 2 oder 3 Eimern (0,5l) Long Drinks, f\u00fcr 150bath (3,50\u20ac), gehen kann. Die Tanzbar 999west hat gute Thai Live Musik und ist in einer der Nebengassen. Das orange Schild ist von der Khao San Road aus gut sichtbar.<\/p>\n<p>Hier kannst du dem Massentourismus entfliehen.<\/p>\n<p>Falls du unter den Touristen bleiben willst, geh in einer der Clubs direkt auf der Khao San Road. Der Eintritt ist meisten frei. Leider kann ich keiner dieser Clubs empfehlen.<\/p>\n<p><a href=\"http:\/\/top-10-hotels-bangkok.com\/china-town-bangkok\"><img loading=\"lazy\" decoding=\"async\" class=\"alignleft wp-image-89 size-full\" src=\"http:\/\/top-10-hotels-bangkok.com\/wp-content\/uploads\/Sightseeings\/bangkok-2732437_1920-e1516187944453.jpg\" alt=\"china town bangkok sightseeing\" width=\"480\" height=\"299\" \/><\/a><\/p>\n<h5>6. TOP 10 THINGS TO DO IN BANGKOK<\/h5>\n<p>FRESSTOUR IN\u00a0<a href=\"http:\/\/top-10-hotels-bangkok.com\/china-town-bangkok\">CHINATOWN<\/a><\/p>\n<p>Chinatown ist einer der \u00e4ltesten Stadteile Bangkoks, nicht weit entfernt zur <a href=\"http:\/\/top-10-hotels-bangkok.com\/?p=171&amp;preview=true\">Khao San Road.<\/a><\/p>\n<p>Du wei\u00dft, dass du richtig bist, wenn du die riesigen Chinesischen Werbeschilder siehst. Man denkt wirklich, man w\u00e4re in China.<\/p>\n<p>Bangkoks Chinatown ist einer der gr\u00f6\u00dften der Welt und sogar auf der Top 10 Liste, der Weltbesten Chinatowns, der\u00a0<a href=\"https:\/\/www.huffingtonpost.com\/2014\/02\/06\/chinatowns-all-over-the-world-_n_4704673.html\">Huffingtonpost<\/a>.<\/p>\n<p>In den zahlreichen Seitengassen findest du du so ziemlich alles was man Essen kann. Viele leckere Sachen und einige, die die meisten nicht mal mit Zange anfassen w\u00fcrden.<\/p>\n<p>Wenn du ein paar Tage in Bangkok bist, verpasse auf keinen Fall den Spirit unserer Nummer 6, der Top 10 Things To Do in Bangkok.<\/p>\n<p>&nbsp;<\/p>\n<figure id=\"attachment_99\" aria-describedby=\"caption-attachment-99\" style=\"width: 480px\" class=\"wp-caption alignleft\"><img loading=\"lazy\" decoding=\"async\" class=\"wp-image-99 size-full\" src=\"http:\/\/top-10-hotels-bangkok.com\/wp-content\/uploads\/Sightseeings\/hanny-naibaho-353182-e1516187721747.jpg\" alt=\"red light district nana patpong soi cowboy\" width=\"480\" height=\"320\" \/><figcaption id=\"caption-attachment-99\" class=\"wp-caption-text\">Photo by: Hanny Naibaho<\/figcaption><\/figure>\n<h5>7. TOP 10 THINGS TO DO IN BANGKOK<\/h5>\n<p>RED LIGHT DISTRICT<\/p>\n<p>Es gibt 3 ber\u00fchmte Rotlicht Milieus in Bangkok. Den Nana Plaza, Soi Cowboy und Patpong. Mein erstes mal in Bangkok wurde ich zu allen drei Mitgeschleppt. Also nimm meinen Rat an! Wenn du nur rumlaufen und gucken willst, geht zu Soi Cowboy. Es ist an der BTS Asok \/ Metro Station Skuhumvit.<\/p>\n<p>Wenn du wirklich eine Go-GO Bar rein willst, nimm den Skytrain nach Sala Daeng \/ Metro Si Lom und geh in das Bada Bing. Vielleicht sind die Drinks hier etwas teuerer als in der Soi Cowboy aber es ist die einzige Bar, die ich kenne, in der man beim rein gehen, kein schlechtes Gewissen bekommt. Generell solltest du Wissen, das Prostitution in Thailand illegal ist und Thailand dadurch bekannt wurde, nachdem die amerikanischen Soldaten, nach dem Vietnam Krieg zur\u00fcck sind.<\/p>\n<p>&nbsp;<\/p>\n<p>&nbsp;<\/p>\n<p><img loading=\"lazy\" decoding=\"async\" class=\"size-full wp-image-199 alignleft\" src=\"http:\/\/top-10-hotels-bangkok.com\/wp-content\/uploads\/Sightseeings\/P1090202.jpg\" alt=\"\" width=\"480\" height=\"321\" srcset=\"http:\/\/top-10-hotels-bangkok.com\/wp-content\/uploads\/Sightseeings\/P1090202.jpg 480w, http:\/\/top-10-hotels-bangkok.com\/wp-content\/uploads\/Sightseeings\/P1090202-300x201.jpg 300w\" sizes=\"(max-width: 480px) 100vw, 480px\" \/><\/p>\n<h5>8. TOP 10 THINGS TO DO IN BANGKOK<\/h5>\n<p>GEH IN EINEN ECHTEN THAI CLUB<\/p>\n<p>wenn du wissen willst, wie die Thais wirklich feiern, kann ich dir Funky Villa Pub in Watthana empfehlen. Nimm den Skytrain nach Thong Lor und ein Roller Taxi zum Club. Lohnt sich nur am Wochenende und nicht zu sp\u00e4t. Die meisten Clubs in Bangkok schlie\u00dfen um 2Uhr. Thais ziehen sich zum feiern sehr schick an, also geh nicht mit deinem Khao San Road Outfit dort hin \ud83d\ude09<\/p>\n<p>Durch die enorm hohe Alkoholsteuer f\u00fcr ausl\u00e4ndisch hergestellte Spirituosen haben Cocktails in anst\u00e4ndigen Bars und Clubs europ\u00e4ische Preise. Daf\u00fcr geizen die Barkeeper nicht mit Schnapps und im Funk Villa Pub sind die Cocktails echt super lecker. Check die Facebook Seite vom <a href=\"https:\/\/www.facebook.com\/funkyvillabkk\/\">Funky Villa Club<\/a>\u00a0f\u00fcr Veranstaltungen. Normalerweise gibt es dort thail\u00e4ndische live rock\/pop Musik. Thais feiern ganz anders als wir.<\/p>\n<p>Bis wenige Meter vor die B\u00fchne stehen Tische und es werden Rum Flaschen mit Soda, Cola und Eisw\u00fcrfeln in der Gruppe geteilt. Erst sp\u00e4ter, wenn alle betrunken sind, tanzen einige vor der B\u00fchne, wie wir es gew\u00f6hnt sind. In diesem Club sind, bis auf ein paar Inder, kaum Ausl\u00e4nder und keine Touristen, also f\u00e4llst du hier auf jeden Fall auf.<\/p>\n<p>&nbsp;<\/p>\n<figure id=\"attachment_92\" aria-describedby=\"caption-attachment-92\" style=\"width: 480px\" class=\"wp-caption alignleft\"><img loading=\"lazy\" decoding=\"async\" class=\"wp-image-92 size-full\" src=\"http:\/\/top-10-hotels-bangkok.com\/wp-content\/uploads\/Sightseeings\/frida-aguilar-estrada-397154-e1516197917926.jpg\" alt=\"Photo by: Frida Aguilar Estrada\" width=\"480\" height=\"320\" \/><figcaption id=\"caption-attachment-92\" class=\"wp-caption-text\">Muay Thai Boxing Bangkok Thailand<\/figcaption><\/figure>\n<h5>9. TOP 10 THINGS TO DO IN BANGKOK<\/h5>\n<p>GEH ZU EINEM MUAY THAI BOX KAMPF<\/p>\n<p>Es gibt 4 Arenas in Bangkok. Die gr\u00f6\u00dften K\u00e4mpfe sind im neuem\u00a0<a href=\"http:\/\/top-10-hotels-bangkok.com\/?p=210&amp;preview=true\">Lumpini Stadium<\/a>\u00a0aber es ist weit au\u00dferhalb und die Preise f\u00fcr Touristen (ja, f\u00fcr Touristen gibt es andere Preise) sind zwischen 1000 und 2000 bath, das sind 25-50\u20ac. Gleiche Preise im\u00a0<a href=\"http:\/\/top-10-hotels-bangkok.com\/muay-thai-rajadamnern-stadium\/\">Rajadamnern Stadium<\/a>.<\/p>\n<p>Deshalb empfehle ich dir das\u00a0<a href=\"http:\/\/top-10-hotels-bangkok.com\/muay-thai-omnoi-stadium\">Omnoi Stadium<\/a>. Es ist f\u00fcr seine vielen internationalen K\u00e4mpfer und f\u00fcr die hohe KO Rate ber\u00fchmt. Hier kostet der Eintritt 500bath. Nimm den Skytrain zu Bang Wa und ein Taxi (ca 30min) zum Stadium.<\/p>\n<p>Wenn dir das noch immer zu teuer oder zu weit au\u00dferhalb, gibt es noch eine letzte und vielleicht auch beste Alternative.<\/p>\n<p>Die K\u00e4mpfe im\u00a0<a href=\"http:\/\/top-10-hotels-bangkok.com\/muay-thai-channel-7-stadium\/\">Channel 7 Stadium<\/a>! Es ist bei Mo Chit (BTS) bzw. Chatuchak Park mit der Metro. Die K\u00e4mpfe hier sind jeden Samstag von 12:45-14:45.<\/p>\n<p>Weil der Eintritt\u00a0<strong>umsonst<\/strong> ist, ist es hier super \u00fcberf\u00fcllt, deshalb musst du ein Stunde vor beginn kommen, um einen Stehplatz mit anst\u00e4ndiger Sicht zu bekommen.<\/p>\n<p>&nbsp;<\/p>\n<figure id=\"attachment_219\" aria-describedby=\"caption-attachment-219\" style=\"width: 480px\" class=\"wp-caption alignleft\"><img loading=\"lazy\" decoding=\"async\" class=\"size-full wp-image-219\" src=\"http:\/\/top-10-hotels-bangkok.com\/wp-content\/uploads\/Sightseeings\/pexels-photo-534219-e1516200985703.jpeg\" alt=\"shopping mall bangkok thailand\" width=\"480\" height=\"314\" \/><figcaption id=\"caption-attachment-219\" class=\"wp-caption-text\">Photo by: pexels.com<\/figcaption><\/figure>\n<h5>10. TOP 10 THINGS TO DO IN BANGKOK<\/h5>\n<p>FLIEHE VON DER HITZE IN EINER DER SHOPPING MALS<\/p>\n<p>das erste Mal, als ich in Bangkok war, versuchte ich mich von den Shopping Malls fern zu halten, weil ich die Dinger in Deutschland richtig hasse. Wenn es aber in Bangkok 35-40 Grad und du sofort anf\u00e4ngst zu schwitzen, sobald du die klimatisierten R\u00e4ume verl\u00e4sst, \u00e4nderst du deine Meinung.<\/p>\n<p>In den Einkaufszentren in Bangkok findest du das verr\u00fcckteste Zeug im obersten Stockwerk und viele Restaurants im Erdgeschoss. Siam Shopping Mall und Terminal21 sind die gr\u00f6\u00dften, die ich kenne. Hier kannst du zur Mittagszeit hin, wenn die Sonne sogar zu hei\u00df f\u00fcr den Hotelpool ist. In Siam findest du auch viele Spielautomaten um die hei\u00dfe Mittagszeit rum zu kriegen.<\/p>\n<p>&nbsp;<\/p>\n","protected":false},"excerpt":{"rendered":"<p><img fetchpriority=\"high\" decoding=\"async\" class=\"size-full wp-image-111 alignleft\" src=\"http:\/\/top-10-hotels-bangkok.com\/wp-content\/uploads\/Sightseeings\/StockSnap_ZHE8MYRQ8S-e1516043493323.jpg\" alt=\"\" width=\"480\" height=\"321\" \/><\/p>\n<h5>TOP 10 THINGS TO DO IN BANGKOK<\/h5>\n<p>&nbsp;<\/p>\n<p>Nachde&#8230;<\/p>\n","protected":false},"author":1,"featured_media":0,"parent":0,"menu_order":5,"comment_status":"closed","ping_status":"closed","template":"","meta":{"footnotes":""},"class_list":["post-73","page","type-page","status-publish","hentry"],"_links":{"self":[{"href":"http:\/\/top-10-hotels-bangkok.com\/de_DE\/wp-json\/wp\/v2\/pages\/73","targetHints":{"allow":["GET"]}}],"collection":[{"href":"http:\/\/top-10-hotels-bangkok.com\/de_DE\/wp-json\/wp\/v2\/pages"}],"about":[{"href":"http:\/\/top-10-hotels-bangkok.com\/de_DE\/wp-json\/wp\/v2\/types\/page"}],"author":[{"embeddable":true,"href":"http:\/\/top-10-hotels-bangkok.com\/de_DE\/wp-json\/wp\/v2\/users\/1"}],"replies":[{"embeddable":true,"href":"http:\/\/top-10-hotels-bangkok.com\/de_DE\/wp-json\/wp\/v2\/comments?post=73"}],"version-history":[{"count":113,"href":"http:\/\/top-10-hotels-bangkok.com\/de_DE\/wp-json\/wp\/v2\/pages\/73\/revisions"}],"predecessor-version":[{"id":1309,"href":"http:\/\/top-10-hotels-bangkok.com\/de_DE\/wp-json\/wp\/v2\/pages\/73\/revisions\/1309"}],"wp:attachment":[{"href":"http:\/\/top-10-hotels-bangkok.com\/de_DE\/wp-json\/wp\/v2\/media?parent=73"}],"curies":[{"name":"wp","href":"https:\/\/api.w.org\/{rel}","templated":true}]}}