{"id":20,"date":"2018-01-14T17:34:47","date_gmt":"2018-01-14T17:34:47","guid":{"rendered":"http:\/\/top-10-hotels-bangkok.com\/?page_id=20"},"modified":"2024-02-27T04:49:36","modified_gmt":"2024-02-27T04:49:36","slug":"top-10-infinity-pools-bangkok","status":"publish","type":"page","link":"http:\/\/top-10-hotels-bangkok.com\/de_DE\/top-10-infinity-pools-bangkok\/","title":{"rendered":"Top 10 Infinity Pools in Bangkok"},"content":{"rendered":"<h5><a href=\"https:\/\/www.agoda.com\/partners\/partnersearch.aspx?cid=1797874&amp;pcs=1&amp;hid=1266554\" target=\"_blank\" rel=\"noopener\"><img decoding=\"async\" class=\"alignleft\" src=\"\/\/pix6.agoda.net\/hotelImages\/126\/1266554\/1266554_17052411400053187019.jpg?s=480x360\" srcset=\"\/\/pix6.agoda.net\/hotelImages\/126\/1266554\/1266554_17052411400053187019.jpg?s=480x360 1x, \/\/pix6.agoda.net\/hotelImages\/126\/1266554\/1266554_17052411400053187019.jpg?s=960x720 2x\" \/><\/a>1. Top Infinity Pool in Bangkok<\/h5>\n<p>AUF DEM DACH DES\u00a0<a href=\"https:\/\/www.agoda.com\/partners\/partnersearch.aspx?cid=1797874&amp;hl=en&amp;hid=1266554&amp;pcs=5\" target=\"_blank\" rel=\"noopener\">137 PILLARS HOTEL<\/a>\u00a0<span style=\"color: #ffffff;\">Infinity Pools in Bangkok<\/span><\/p>\n<p>Panoramablick vom 32. Stock des\u00a0<a href=\"https:\/\/www.agoda.com\/partners\/partnersearch.aspx?cid=1797874&amp;hl=en&amp;hid=1266554&amp;pcs=5\" target=\"_blank\" rel=\"noopener\">137 Pillars Hotel<\/a>.<\/p>\n<p>Nur 34 Zimmer des Luxushotels haben Zugang zu diesem unglaublichen Infinity Pool.<\/p>\n<p>Es ist der h\u00f6chste umrandete Infinity Pool in Bangkok und auf dem Dach des Hotels sind auch zwei Jacuzzis und eine Bar.<\/p>\n<p>Hier fallen einem die Augen aus, doch das hat seinen Preis: <a href=\"https:\/\/www.agoda.com\/partners\/partnersearch.aspx?cid=1797874&amp;hl=en&amp;hid=1266554&amp;pcs=5\">ab 300\u20ac<\/a> die Nacht<\/p>\n<p>F\u00fcr mich ist dieser Infinity Pool ganz klar Bangkoks Nummer 1 der Top 10 Infinity Pools.<\/p>\n<p>&nbsp;<\/p>\n<p>&nbsp;<\/p>\n<p>&nbsp;<\/p>\n<p><a href=\"https:\/\/www.hotelscombined.com\/Hotel\/AVANI_Riverside_Bangkok_Hotel.htm?a_aid=190096\" target=\"_blank\" rel=\"noopener\"><img fetchpriority=\"high\" decoding=\"async\" class=\"alignleft\" src=\"\/\/pix6.agoda.net\/hotelImages\/115\/1156538\/1156538_17011113480050251213.jpg?s=480x360\" srcset=\"\/\/pix6.agoda.net\/hotelImages\/115\/1156538\/1156538_17011113480050251213.jpg?s=480x360 1x, \/\/pix6.agoda.net\/hotelImages\/115\/1156538\/1156538_17011113480050251213.jpg?s=480x360 1x\" alt=\"\" width=\"480\" height=\"360\" \/><\/a><\/p>\n<h5>2. Top Infinity Pool in Bangkok<\/h5>\n<p>AUF DEM\u00a0<a href=\"https:\/\/www.hotelscombined.com\/Hotel\/AVANI_Riverside_Bangkok_Hotel.htm?a_aid=190096\" target=\"_blank\" rel=\"noopener\">AVANI RIVERSIDE<\/a><\/p>\n<p>Dieses Juwel ist an Bangkoks Flussufer. Vom Dach des 5 Sterne Hotels\u00a0<a href=\"https:\/\/www.hotelscombined.com\/Hotel\/AVANI_Riverside_Bangkok_Hotel.htm?a_aid=190096\" target=\"_blank\" rel=\"noopener\">AVANI Riverside<\/a>\u00a0hast du einen atemberaubenden Blick \u00fcber Bangkoks Fluss Chao Phraya, seinen Booten und nat\u00fcrlich Bangkoks Skyline.<\/p>\n<p>Der gro\u00dfe Infinity Pool schlie\u00dft um 20Uhr aber es sind nur ein paar Schritte zu Bangkoks ber\u00fchmter Dachterrassen Bar ATTITUDE.<\/p>\n<p>&nbsp;<\/p>\n<p>&nbsp;<\/p>\n<p>&nbsp;<\/p>\n<p>&nbsp;<\/p>\n<h5><a href=\"https:\/\/www.hotelscombined.com\/Hotel\/SO_Sofitel_Bangkok.htm?a_aid=190096\" target=\"_blank\" rel=\"noopener\"><img decoding=\"async\" class=\"alignleft\" src=\"\/\/pix6.agoda.net\/hotelImages\/287\/287357\/287357_17111004500059063184.jpg?s=480x360\" srcset=\"\/\/pix6.agoda.net\/hotelImages\/287\/287357\/287357_17111004500059063184.jpg?s=480x360 1x, \/\/pix6.agoda.net\/hotelImages\/287\/287357\/287357_17111004500059063184.jpg?s=960x720 2x\" alt=\"\" width=\"480\" height=\"360\" \/><\/a>3. Top Infinity Pool in Bangkok<\/h5>\n<p>AM\u00a0<a href=\"https:\/\/www.hotelscombined.com\/Hotel\/SO_Sofitel_Bangkok.htm?a_aid=190096\" target=\"_blank\" rel=\"noopener\">SO SOFITEL HOTEL<\/a><\/p>\n<p>Auch wenn er nur auf dem 10 Stockwerk ist, ist der Blick \u00fcber den wundervollen Lumpini Park unglaublich.<\/p>\n<p>Ein weiterer Grund, warum der Infinity Pool des\u00a0<a href=\"https:\/\/www.hotelscombined.com\/Hotel\/SO_Sofitel_Bangkok.htm?a_aid=190096\" target=\"_blank\" rel=\"noopener\">SO SOFITEL Hotel<\/a>\u00a0unsere Nummer 3 auf der Liste der Top 10 Infinity Pool in Bangkok steht, ist seine Gr\u00f6\u00dfe.<\/p>\n<p>Mit 32 Metern l\u00e4nge kannst du hier tats\u00e4chlich richtigen Sport machen. Falls du danach ersch\u00f6pft bist, gibt es hier Liegepl\u00e4tze im Pool und einen Bar, die Snacks und Getr\u00e4nke serviert.<\/p>\n<p>&nbsp;<\/p>\n<p>&nbsp;<\/p>\n<p>&nbsp;<\/p>\n<p>&nbsp;<\/p>\n<h5><a href=\"https:\/\/www.hotelscombined.com\/Hotel\/137_Pillars_Residences_Bangkok.htm?a_aid=190096\" target=\"_blank\" rel=\"noopener\"><img decoding=\"async\" class=\"alignleft\" src=\"\/\/pix6.agoda.net\/hotelImages\/126\/1266555\/1266555_17050916580052863177.jpg?s=480x360\" srcset=\"\/\/pix6.agoda.net\/hotelImages\/126\/1266555\/1266555_17050916580052863177.jpg?s=480x360 1x, \/\/pix6.agoda.net\/hotelImages\/126\/1266555\/1266555_17050916580052863177.jpg?s=960x720 2x\" alt=\"\" width=\"480\" height=\"360\" \/><\/a>4. Top Infinity Pool in Bangkok<\/h5>\n<p>WIEDER DAS\u00a0<a href=\"https:\/\/www.hotelscombined.com\/Hotel\/137_Pillars_Residences_Bangkok.htm?a_aid=190096\" target=\"_blank\" rel=\"noopener\">137 PILLARS BANGKOK<\/a><\/p>\n<p>Weil der Umrandete Infinity Pool auf dem Dach des 137 Pillars nur f\u00fcr die\u00a0&#8220;<a href=\"https:\/\/www.agoda.com\/partners\/partnersearch.aspx?cid=1797874&amp;hl=en&amp;hid=1266554&amp;pcs=5\" target=\"_blank\" rel=\"noopener\">Suite<\/a>&#8221; G\u00e4ste ist, gibt es hier einen zweiten Infinity Pool im 27. Stockwerk.<\/p>\n<p>Der luxuri\u00f6se Marmor Pool ist auch f\u00fcr die\u00a0&#8220;<a href=\"https:\/\/www.hotelscombined.com\/Hotel\/137_Pillars_Residences_Bangkok.htm?a_aid=190096\" target=\"_blank\" rel=\"noopener\">Residence<\/a>&#8221; G\u00e4ste und immerhin noch die Nummer 4 der Top 10 Infinity Pools in Bangkok.<\/p>\n<p>Dieser Infinity Pool ist perfekt f\u00fcr Fr\u00fchaufsteher um bei Sonnenaufgang ein paar Runden zu schwimmen.<\/p>\n<p>&nbsp;<\/p>\n<p>&nbsp;<\/p>\n<p>&nbsp;<\/p>\n<p>&nbsp;<\/p>\n<p><a href=\"https:\/\/www.hotelscombined.com\/Hotel\/Hilton_Sukhumvit_Bangkok.htm?a_aid=190096\" target=\"_blank\" rel=\"noopener\"><img loading=\"lazy\" decoding=\"async\" class=\"alignleft\" src=\"\/\/pix6.agoda.net\/hotelImages\/464\/464813\/464813_16071215500044614955.jpg?s=480x360\" srcset=\"\/\/pix6.agoda.net\/hotelImages\/464\/464813\/464813_16071215500044614955.jpg?s=480x360 1x, \/\/pix6.agoda.net\/hotelImages\/464\/464813\/464813_16071215500044614955.jpg?s=960x720 2x\" alt=\"\" width=\"480\" height=\"360\" \/><\/a><\/p>\n<h5>5. Top Infinity Pool in Bangkok<\/h5>\n<p>AUF DEM\u00a0<a href=\"https:\/\/www.hotelscombined.com\/Hotel\/Hilton_Sukhumvit_Bangkok.htm?a_aid=190096\" target=\"_blank\" rel=\"noopener\">HILTON SUKHUMVIT<\/a>\u00a0DACH<\/p>\n<p>Dieser Infinity Pool auf der 26. Etage hat einen einzigartigen Blick \u00fcber Bangkoks Stadtlandschaft.<\/p>\n<p>Auf dem weltber\u00fchmten Hilton Hotel bekommst du auch einen majest\u00e4tischen Service.<\/p>\n<p>Der moderne und luxuri\u00f6se Pool ist von 7 Uhr bis 21Uhr ge\u00f6ffnet.<\/p>\n<p>&nbsp;<\/p>\n<p>&nbsp;<\/p>\n<p>&nbsp;<\/p>\n<p>&nbsp;<\/p>\n<p>&nbsp;<\/p>\n<h5><a href=\"https:\/\/www.hotelscombined.com\/Hotel\/Chatrium_Hotel_Riverside_Bangkok.htm?a_aid=190096\" target=\"_blank\" rel=\"noopener\"><img loading=\"lazy\" decoding=\"async\" class=\"alignleft\" src=\"\/\/pix6.agoda.net\/hotelImages\/109\/109169\/109169_16082416440045775641.jpg?s=480x360\" srcset=\"\/\/pix6.agoda.net\/hotelImages\/109\/109169\/109169_16082416440045775641.jpg?s=480x360 1x, \/\/pix6.agoda.net\/hotelImages\/109\/109169\/109169_16082416440045775641.jpg?s=960x720 2x\" alt=\"\" width=\"480\" height=\"360\" \/><\/a>6. Top Infinity Pool in Bangkok<\/h5>\n<p><a href=\"https:\/\/www.hotelscombined.com\/Hotel\/Chatrium_Hotel_Riverside_Bangkok.htm?a_aid=190096\" target=\"_blank\" rel=\"noopener\">CHATRIUM HOTEL RIVERSIDE<\/a><\/p>\n<p>es ist mit Abstand der gr\u00f6\u00dfte Infinity Pool in Bangkok, 4 Spuren und 35 Meter l\u00e4nge.<\/p>\n<p>Hier sind noch 2 weitere Pools f\u00fcr Kinder und sogar ein Jacuzzi. Aus statischen Gr\u00fcnden kann solch ein gro\u00dfer Pool auf keinem Hoteldach gebaut werden. Wenigstens schafft es dieser gigantische Pool auf das 6 Stockwerk und mit dem herrlichen Blick \u00fcber den Chao Phraya Fluss ist er unsere Nummer 6 der Top 10 Infinity Pools in Bangkok.<\/p>\n<p>&nbsp;<\/p>\n<p>&nbsp;<\/p>\n<p>&nbsp;<\/p>\n<p>&nbsp;<\/p>\n<p>&nbsp;<\/p>\n<h5><a href=\"https:\/\/www.hotelscombined.com\/Hotel\/Hotel_Indigo_Bangkok_Wireless_Road.htm?a_aid=190096\" target=\"_blank\" rel=\"noopener\"><img loading=\"lazy\" decoding=\"async\" class=\"alignleft\" src=\"\/\/pix6.agoda.net\/hotelImages\/746\/746293\/746293_15012709220024852500.jpg?s=480x360\" srcset=\"\/\/pix6.agoda.net\/hotelImages\/746\/746293\/746293_15012709220024852500.jpg?s=480x360 1x, \/\/pix6.agoda.net\/hotelImages\/746\/746293\/746293_15012709220024852500.jpg?s=960x720 2x\" alt=\"\" width=\"480\" height=\"360\" \/><\/a>7. Top Infinity Pool in Bangkok<\/h5>\n<p>HOTEL <a href=\"https:\/\/www.hotelscombined.com\/Hotel\/Hotel_Indigo_Bangkok_Wireless_Road.htm?a_aid=190096\" target=\"_blank\" rel=\"noopener\">INDIGO<\/a><\/p>\n<p>es ist ein pr\u00e4chtiger 270\u00b0 Blick von der 24. Etage des\u00a0<a href=\"https:\/\/www.hotelscombined.com\/Hotel\/Hotel_Indigo_Bangkok_Wireless_Road.htm?a_aid=190096\" target=\"_blank\" rel=\"noopener\">Indigo<\/a>\u00a0Hotels.<\/p>\n<p>Das Wasser im Mosaikpool reflektiert das warme Sonnenlicht auf seiner Oberfl\u00e4che auf einer ganz besonderen Art.<\/p>\n<p>Weil gegen\u00fcber der Stra\u00dfe ein Park ist, steht kein weiteres gro\u00dfes Geb\u00e4ude im Blickfeld und man kann einen atemberaubenden Sicht auf Bangkoks Skyline genie\u00dfen.<\/p>\n<p>&nbsp;<\/p>\n<p>&nbsp;<\/p>\n<p>&nbsp;<\/p>\n<p>&nbsp;<\/p>\n<p><a href=\"https:\/\/www.hotelscombined.com\/Hotel\/Mercure_Bangkok_Makkasan.htm?a_aid=190096\" target=\"_blank\" rel=\"noopener\"><img loading=\"lazy\" decoding=\"async\" class=\"alignleft\" src=\"\/\/pix6.agoda.net\/hotelImages\/162\/1620147\/1620147_17040908250052235380.jpg?s=480x360\" srcset=\"\/\/pix6.agoda.net\/hotelImages\/162\/1620147\/1620147_17040908250052235380.jpg?s=480x360 1x, \/\/pix6.agoda.net\/hotelImages\/162\/1620147\/1620147_17040908250052235380.jpg?s=960x720 2x\" alt=\"\" width=\"480\" height=\"360\" \/><\/a><\/p>\n<h5>8. Top Infinity Pool in Bangkok<\/h5>\n<p><a href=\"https:\/\/www.hotelscombined.com\/Hotel\/Mercure_Bangkok_Makkasan.htm?a_aid=190096\" target=\"_blank\" rel=\"noopener\">MERCURE BANGKOK MAKKASAN<\/a><\/p>\n<p>weg von den Luxus Hotels m\u00f6chte ich euch einen wundervollen Infinity Pool am\u00a0Mercure <a href=\"https:\/\/www.hotelscombined.com\/Hotel\/Mercure_Bangkok_Makkasan.htm?a_aid=190096\" target=\"_blank\" rel=\"noopener\">Bangkok Makkasan<\/a> Hotel vorstellen.<\/p>\n<p>Das Hotel ist f\u00fcr alle bezahlbar und hat dennoch 4 Sterne. Ein Zimmer startet bei 55\u20ac die Nacht, also wohl der beste Infinity Pool f\u00fcr einen \u00fcbersehbaren Preis.<\/p>\n<p>Auf der 10. Etage hat der Infinity Pool einen tolle gr\u00fcne Wiese mit reichlich Liegest\u00fchlen. Der Blick f\u00fchrt dich \u00fcber einen gr\u00fcnen Park zu Bangkoks Wolkenkratzer n\u00f6rdlich vom Zentrum.<\/p>\n<p>&nbsp;<\/p>\n<p>&nbsp;<\/p>\n<p>&nbsp;<\/p>\n<h5><a href=\"https:\/\/www.hotelscombined.com\/Hotel\/Eastin_Grand_Hotel_Sathorn.htm?a_aid=190096\" target=\"_blank\" rel=\"noopener\"><img loading=\"lazy\" decoding=\"async\" class=\"alignleft\" src=\"\/\/pix6.agoda.net\/hotelImages\/286\/286835\/286835_16020811560039712105.jpg?s=480x360\" srcset=\"\/\/pix6.agoda.net\/hotelImages\/286\/286835\/286835_16020811560039712105.jpg?s=480x360 1x, \/\/pix6.agoda.net\/hotelImages\/286\/286835\/286835_16020811560039712105.jpg?s=960x720 2x\" alt=\"\" width=\"480\" height=\"360\" \/><\/a>9. Top Infinity Pool in Bangkok<\/h5>\n<p><a href=\"https:\/\/www.hotelscombined.com\/Hotel\/Eastin_Grand_Hotel_Sathorn.htm?a_aid=190096\" target=\"_blank\" rel=\"noopener\">EASTIN GRAND HOTEL SATHORN<\/a><\/p>\n<p>weil es hier kein Sicherheitsglas zwischen dir und Bangkoks Skyline gibt, ist dieser Infinity Pool auf dem\u00a0<a href=\"https:\/\/www.hotelscombined.com\/Hotel\/Eastin_Grand_Hotel_Sathorn.htm?a_aid=190096\" target=\"_blank\" rel=\"noopener\">Eastin Grand Hotel Sathorn<\/a>\u00a0Hotel unsere Nummer 9.<\/p>\n<p>Dieser verr\u00fcckte Infinity Pool ist im 14. Stockwerk und mit unglaublichen 30 Meter, auch einer der l\u00e4ngsten Pools in Bangkok.<\/p>\n<p>&nbsp;<\/p>\n<p>&nbsp;<\/p>\n<p>&nbsp;<\/p>\n<p>&nbsp;<\/p>\n<p>&nbsp;<\/p>\n<p>&nbsp;<\/p>\n<p><a href=\"https:\/\/www.agoda.com\/partners\/partnersearch.aspx?cid=1797874&amp;pcs=1&amp;hid=392683\" target=\"_blank\" rel=\"noopener\"><img decoding=\"async\" class=\"alignleft\" src=\"\/\/pix6.agoda.net\/hotelImages\/392\/392683\/392683_16053116510042948330.jpg?s=480x360\" srcset=\"\/\/pix6.agoda.net\/hotelImages\/392\/392683\/392683_16053116510042948330.jpg?s=480x360 1x, \/\/pix6.agoda.net\/hotelImages\/392\/392683\/392683_16053116510042948330.jpg?s=960x720 2x\" \/><\/a><\/p>\n<h5>10. Top Infinity Pool in Bangkok<\/h5>\n<p>DAS\u00a0<a href=\"https:\/\/www.agoda.com\/partners\/partnersearch.aspx?cid=1797874&amp;hl=en&amp;hid=392683&amp;pcs=5\" target=\"_blank\" rel=\"noopener\">CONTINENT HOTEL BANGKOK<\/a><\/p>\n<p>Wir Beenden die Top 10 mit Bangkoks h\u00f6chsten Pool.<\/p>\n<p>Um genau zu sein, ist das auch der einzigste Grund, warum er auf unserer Liste der Top 10 Infinity Pools in Bangkok ist. Auf H\u00f6he des 37. Stockwerkes ist es der H\u00f6chste. Aber warum nur Nummer 10?<\/p>\n<p>Der Pool ist armselig klein, das Design ist veraltet und das Hotel viel zu teuer.<\/p>\n<p>&nbsp;<\/p>\n<p>&nbsp;<\/p>\n<p>&nbsp;<\/p>\n<p>&nbsp;<\/p>\n<p>&nbsp;<\/p>\n<p>&nbsp;<\/p>\n<p>&nbsp;<\/p>\n<p>&nbsp;<\/p>\n","protected":false},"excerpt":{"rendered":"<h5><a href=\"https:\/\/www.agoda.com\/partners\/partnersearch.aspx?cid=1797874&amp;pcs=1&amp;hid=1266554\" target=\"_blank\" rel=\"noopener\"><img decoding=\"async\" class=\"alignleft\" src=\"\/\/pix6.agoda.net\/hotelImages\/126\/1266554\/1266554_17052411400053187019.jpg?s=480x360\" srcs...\n<\/p>\n","protected":false},"author":1,"featured_media":0,"parent":0,"menu_order":3,"comment_status":"closed","ping_status":"closed","template":"","meta":{"footnotes":""},"class_list":["post-20","page","type-page","status-publish","hentry"],"_links":{"self":[{"href":"http:\/\/top-10-hotels-bangkok.com\/de_DE\/wp-json\/wp\/v2\/pages\/20","targetHints":{"allow":["GET"]}}],"collection":[{"href":"http:\/\/top-10-hotels-bangkok.com\/de_DE\/wp-json\/wp\/v2\/pages"}],"about":[{"href":"http:\/\/top-10-hotels-bangkok.com\/de_DE\/wp-json\/wp\/v2\/types\/page"}],"author":[{"embeddable":true,"href":"http:\/\/top-10-hotels-bangkok.com\/de_DE\/wp-json\/wp\/v2\/users\/1"}],"replies":[{"embeddable":true,"href":"http:\/\/top-10-hotels-bangkok.com\/de_DE\/wp-json\/wp\/v2\/comments?post=20"}],"version-history":[{"count":64,"href":"http:\/\/top-10-hotels-bangkok.com\/de_DE\/wp-json\/wp\/v2\/pages\/20\/revisions"}],"predecessor-version":[{"id":1285,"href":"http:\/\/top-10-hotels-bangkok.com\/de_DE\/wp-json\/wp\/v2\/pages\/20\/revisions\/1285"}],"wp:attachment":[{"href":"http:\/\/top-10-hotels-bangkok.com\/de_DE\/wp-json\/wp\/v2\/media?parent=20"}],"curies":[{"name":"wp","href":"https:\/\/api.w.org\/{rel}","templated":true}]}}