{"id":2,"date":"2016-05-10T03:48:21","date_gmt":"2016-05-10T03:48:21","guid":{"rendered":"http:\/\/top-10-hotels-bangkok.com\/?page_id=2"},"modified":"2025-01-17T10:51:51","modified_gmt":"2025-01-17T10:51:51","slug":"top-10-hotels-bangkok","status":"publish","type":"page","link":"http:\/\/top-10-hotels-bangkok.com\/de_DE\/top-10-hotels-bangkok\/","title":{"rendered":"Top 10 Hotels in Bangkok"},"content":{"rendered":"<h5><a href=\"https:\/\/www.agoda.com\/partners\/partnersearch.aspx?cid=1797874&amp;pcs=1&amp;hid=1266554\" target=\"_blank\" rel=\"noopener\"><img fetchpriority=\"high\" decoding=\"async\" class=\"alignleft\" src=\"\/\/pix6.agoda.net\/hotelImages\/126\/1266554\/1266554_17052411400053187019.jpg?s=480x360\" srcset=\"\/\/pix6.agoda.net\/hotelImages\/126\/1266554\/1266554_17052411400053187019.jpg?s=480x360 1x, \/\/pix6.agoda.net\/hotelImages\/126\/1266554\/1266554_17052411400053187019.jpg?s=960x720 2x\" alt=\"infinity pool 137 pillars bangkok best hotel in bangkok\" width=\"480\" height=\"360\" \/><\/a>1.TOP 10 HOTELS IN BANGKOK<\/h5>\n<p>PREIS-LEISTUNG<strong> 9,0<\/strong> (<a href=\"https:\/\/www.agoda.com\/de-de\/137-pillars-suites-bangkok\/hotel\/bangkok-th.html?cid=1797874\" target=\"_blank\" rel=\"noopener\">agoda.com<\/a>)\u00a0<span style=\"color: #ffffff;\">Top 10 Hotels in Bangk<\/span><\/p>\n<p>um ehrlich zu sein, ist das beste Hotel in unserer Lister der Top 10 Hotels in Bangkok auch eines der teuersten in Bangkok. F\u00fcr die, die das Kleingeld daf\u00fcr haben, ist das\u00a0<a href=\"https:\/\/www.agoda.com\/partners\/partnersearch.aspx?cid=1797874&amp;hl=en&amp;hid=1266554&amp;pcs=5\" target=\"_blank\" rel=\"noopener\">137 Pillars Suite<\/a>\u00a0jeden Cent wert. Nur 34 Zimmer haben Zugang zum atemberaubenden 360\u00b0 Infinity Pool. Alle Suiten sind mit privatem Balkon, gro\u00dfer runder Badewanne mit Stadtblick, Bose Sound System und begehbarer Kleiderschrank. Der 64m\u00b2 gro\u00dfe Traum ist modern und luxuri\u00f6s ausgestattet. Meiner Meinung nach, das mit abstand beste Zimmer in Bangkok. Wenn du einer der wenigen bist, der sich es leisten kann, take it! Manchmal bietet\u00a0<a href=\"https:\/\/www.agoda.com\/partners\/partnersearch.aspx?cid=1797874&amp;hl=en&amp;hid=1266554&amp;pcs=5\" target=\"_blank\" rel=\"noopener\">agoda<\/a>\u00a0Suiten f\u00fcr ca <strong>300\u20ac<\/strong> an, dann musst du sofort zuschlagen! Falls deine Geldb\u00f6rse keine \u00dcbergr\u00f6\u00dfe hat, kommen weiter unten bezahlbarere Zimmer. Normalerweise starter der Preis um die <strong>460\u20ac<\/strong> pro Nacht. <a href=\"https:\/\/www.agoda.com\/de-de\/137-pillars-suites-bangkok\/hotel\/bangkok-th.html?cid=1797874\">BUCHE HIER<\/a>\u00a0mit Bester-Preis-Garantie.<\/p>\n<p>&nbsp;<\/p>\n<p>&nbsp;<\/p>\n<p>&nbsp;<\/p>\n<p><a href=\"https:\/\/www.hotelscombined.com\/Hotel\/137_Pillars_Residences_Bangkok.htm?a_aid=190096\" target=\"_blank\" rel=\"noopener\"><img decoding=\"async\" class=\"alignleft\" src=\"\/\/pix6.agoda.net\/hotelImages\/126\/1266555\/1266555_17050916430052862924.jpg?s=480x360\" srcset=\"\/\/pix6.agoda.net\/hotelImages\/126\/1266555\/1266555_17050916430052862924.jpg?s=480x360 1x, \/\/pix6.agoda.net\/hotelImages\/126\/1266555\/1266555_17050916430052862924.jpg?s=960x720 2x\" alt=\"137 pillars bangkok best hotel in bangkok\" width=\"480\" height=\"360\" \/><\/a><\/p>\n<h5>2. TOP 10 HOTELS IN BANGKOK<\/h5>\n<p>PREIS-LEISTUNG <strong>9,5<\/strong> (<a href=\"https:\/\/www.agoda.com\/partners\/partnersearch.aspx?cid=1797874&amp;hl=en&amp;hid=1266555&amp;pcs=5\" target=\"_blank\" rel=\"noopener\">agoda.com<\/a>)<span style=\"color: #ffffff;\">\u00a0Top 10 Hotels in Bangk<\/span><\/p>\n<p>unser zweit bester Platz geht wieder and das\u00a0<a href=\"https:\/\/www.hotelscombined.com\/Hotel\/137_Pillars_Residences_Bangkok.htm?a_aid=190096\" target=\"_blank\" rel=\"noopener\">137 Pillars<\/a>. Dieses mal an die wunderbaren Residenzen. Du hast Zugang zu den Jacuzzis und ihren zweiten Infinity Pool im 27. Stock Jede Residenz hat eine kleine K\u00fcche, einen privaten Balkon und sogar eine gro\u00dfe Badewanne mit fantastischem Skyline Blick. Diese Zus\u00e4tze sind wirklich sehr selten f\u00fcr ein Hotel unter 200\u20ac. Wenn du es mit anderen Hotels vergleichst findest du nirgendwo solch eine Luxus f\u00fcr diesen Preis. Es startet um die <strong>165\u20ac<\/strong> pro Nacht.\u00a0<a href=\"https:\/\/www.agoda.com\/de-de\/137-pillars-residences-bangkok\/hotel\/bangkok-th.html?cid=1797874\">BUCHE HIER<\/a>\u00a0mit Bester-Preis-Garantie.<\/p>\n<p>&nbsp;<\/p>\n<p>&nbsp;<\/p>\n<p>&nbsp;<\/p>\n<p>&nbsp;<\/p>\n<p>&nbsp;<\/p>\n<p><a href=\"https:\/\/www.hotelscombined.com\/Hotel\/AVANI_Riverside_Bangkok_Hotel.htm?a_aid=190096\" target=\"_blank\" rel=\"noopener\"><img decoding=\"async\" class=\"alignleft\" src=\"\/\/pix6.agoda.net\/hotelImages\/115\/1156538\/1156538_17011113480050251213.jpg?s=480x360\" srcset=\"\/\/pix6.agoda.net\/hotelImages\/115\/1156538\/1156538_17011113480050251213.jpg?s=480x360 1x, \/\/pix6.agoda.net\/hotelImages\/115\/1156538\/1156538_17011113480050251213.jpg?s=960x720 2x\" alt=\"infinity pool avani riverside bangkok best hotel in bangkok\" width=\"480\" height=\"360\" \/><\/a><\/p>\n<h5><strong>3. TOP 10 HOTELS IN BANGKOK<\/strong><\/h5>\n<p>PREIS -LEISTUNG\u00a0<strong>9,1<\/strong> (<a href=\"https:\/\/www.agoda.com\/de-de\/avani-riverside-bangkok-hotel\/hotel\/bangkok-th.html?cid=1797874\" target=\"_blank\" rel=\"noopener\">agoda.com<\/a>)<span style=\"color: #ffffff;\">\u00a0Top 10 Hotels in Bangko<\/span><\/p>\n<p>wenn du ein Zimmer am Chao Phraya Fluss vorziehst, ist die beste Wahl das\u00a0<a href=\"https:\/\/www.hotelscombined.com\/Hotel\/AVANI_Riverside_Bangkok_Hotel.htm?a_aid=190096\" target=\"_blank\" rel=\"noopener\">AVANI Riverside<\/a>. Es ist nur eine kurze Bootsfahrt von der beliebten Asiatique entfernt, wo du Bangkoks beste Restaurants , Muay Thai Boxing Shows und vieles mehr findest. Trinke auf jeden Fall einen Cocktail in der Hotel Rooftop Bar ATTITUDE in der 26sten Etage, direkt neben einer der besten Infinity Pools in Bangkok. Preise starten bei 130\u20ac pro Nacht.\u00a0<a href=\"https:\/\/www.agoda.com\/de-de\/avani-riverside-bangkok-hotel\/hotel\/bangkok-th.html?cid=1797874\">BUCHE HIER<\/a>\u00a0mit Bester-Preis-Garantie.<\/p>\n<p>&nbsp;<\/p>\n<p>&nbsp;<\/p>\n<p>&nbsp;<\/p>\n<p>&nbsp;<\/p>\n<p><a href=\"https:\/\/www.agoda.com\/partners\/partnersearch.aspx?pcs=10&amp;cid=1797874&amp;hid=1274214\" target=\"_blank\" rel=\"noopener\"><img decoding=\"async\" class=\"alignleft\" src=\"\/\/pix6.agoda.net\/hotelImages\/7544270\/0\/e2cf550dfb435a11f78fe72d46321e3f.jpg?s=480x360\" srcset=\"\/\/pix6.agoda.net\/hotelImages\/7544270\/0\/e2cf550dfb435a11f78fe72d46321e3f.jpg?s=480x360 1x, \/\/pix6.agoda.net\/hotelImages\/7544270\/0\/e2cf550dfb435a11f78fe72d46321e3f.jpg?s=960x720 2x\" \/><\/a><\/p>\n<h5><strong>4. TOP 10 HOTELS IN BANGKOK<\/strong><\/h5>\n<p>PREIS-LEISTUNG <strong>8,8<\/strong> (<a href=\"https:\/\/www.agoda.com\/partners\/partnersearch.aspx?cid=1797874&amp;hl=en&amp;hid=1274214&amp;pcs=5\" target=\"_blank\" rel=\"noopener\">agoda.com<\/a>)<span style=\"color: #ffffff;\">\u00a0Top 10 Hotels in Bangk<\/span><\/p>\n<p>in der Tong Lo Stra\u00dfe ist das \u00a0<a href=\"https:\/\/www.agoda.com\/de-de\/grande-centre-point-sukhumvit-55-thong-lo\/hotel\/bangkok-th.html?cid=1797874\" target=\"_blank\" rel=\"noopener\">Grande Centre Point Sukhumvit 55<\/a>\u00a0im hippesten Teil von Bangkok. Weit weg vom Khao San Road \u00e4rger, Bangkoks beste Bars und Nachtclubs sind nur einen Steinwurf entfernt. Das 4te von unserer Top 10 Hotels in Bangkok Liste \u00fcberzeugt mit stylischen und modernen R\u00e4umen, gro\u00dfartigem Blick \u00fcber die umliegenden Geb\u00e4ude, einem In- und Outdoorf Jacuzzi und einem tollen Pool mit einer gr\u00fcnen Liegewiese. Preise starten um die <strong>140\u20ac<\/strong> pro Nacht.\u00a0<a href=\"https:\/\/www.agoda.com\/de-de\/grande-centre-point-sukhumvit-55-thong-lo\/hotel\/bangkok-th.html?cid=1797874\">BUCHE HIER<\/a>\u00a0mit Bester-Preis-Garantie.<\/p>\n<p>&nbsp;<\/p>\n<p>&nbsp;<\/p>\n<p>&nbsp;<\/p>\n<p><a href=\"https:\/\/www.hotelscombined.com\/Hotel\/Compass_Skyview_Hotel_Bangkok_by_Compass_Hospitality.htm?a_aid=190096\" target=\"_blank\" rel=\"noopener\"><img loading=\"lazy\" decoding=\"async\" class=\"alignleft\" src=\"\/\/pix6.agoda.net\/hotelImages\/125\/1257979\/1257979_16122209550049862331.jpg?s=480x360\" srcset=\"\/\/pix6.agoda.net\/hotelImages\/125\/1257979\/1257979_16122209550049862331.jpg?s=480x360 1x, \/\/pix6.agoda.net\/hotelImages\/125\/1257979\/1257979_16122209550049862331.jpg?s=960x720 2x\" alt=\"compass skyview best hotel in bangkok\" width=\"480\" height=\"360\" \/><\/a><\/p>\n<h5><strong>5.\u00a0<\/strong><strong>TOP 10 HOTELS IN BANGKOK<\/strong><\/h5>\n<p>PREIS-LEISTUNG\u00a0<strong>8,6<\/strong> (<a href=\"https:\/\/www.agoda.com\/de-de\/compass-skyview-hotel_2\/hotel\/bangkok-th.html?cid=1797874\" target=\"_blank\" rel=\"noopener\">agoda.com<\/a>)\u00a0<span style=\"color: #ffffff;\">Top 10 Hotels in Bangkok<\/span><\/p>\n<p>das\u00a0<a href=\"https:\/\/www.hotelscombined.com\/Hotel\/Compass_Skyview_Hotel_Bangkok_by_Compass_Hospitality.htm?a_aid=190096\" target=\"_blank\" rel=\"noopener\">Compass Skyview<\/a>\u00a0Hotel hat alles: ein stylisches urbanes Restaurant, einen eigenen Nachtclub mit Glas W\u00e4nden im 35sten Stock, eine Rooftop Bar im 36sten Stockwerk und einen gro\u00dfen Infinity Pool. F\u00fcr nur 15\u20ac mehr kannst du zu einem Grande Executive Zimmer mit runder Badewanne und Stadtblick upgraden. Mit Bangkoks Skytrain direkt um die Ecke, unsere Nummer 5 der Top 10 Hotels in Bangkok hat die perfekte Lage. Preise starten bei 120\u20ac pro Nacht.\u00a0<a href=\"https:\/\/www.agoda.com\/partners\/partnersearch.aspx?cid=1797874&amp;hl=en&amp;hid=1257979&amp;pcs=5\">BUCHE HIER<\/a>\u00a0mit Bester-Preis-Garantie.<\/p>\n<p>&nbsp;<\/p>\n<p>&nbsp;<\/p>\n<p>&nbsp;<\/p>\n<p>&nbsp;<\/p>\n<p><a href=\"https:\/\/www.hotelscombined.com\/Hotel\/Banyan_Tree_Bangkok.htm?a_aid=190096\" target=\"_blank\" rel=\"noopener\"><img loading=\"lazy\" decoding=\"async\" class=\"alignleft\" src=\"\/\/pix6.agoda.net\/hotelImages\/107\/10707\/10707_17080806160054971773.jpg?s=480x360\" srcset=\"\/\/pix6.agoda.net\/hotelImages\/107\/10707\/10707_17080806160054971773.jpg?s=480x360 1x, \/\/pix6.agoda.net\/hotelImages\/107\/10707\/10707_17080806160054971773.jpg?s=960x720 2x\" alt=\"banyan tree rooftop bar best hotel in bangkok\" width=\"480\" height=\"360\" \/><\/a><\/p>\n<h5><strong>6. TOP\u00a0<\/strong><strong>10 HOTELS IN BANGKOK<\/strong><\/h5>\n<p>PREIS-LEISTUNG<strong> 8,3<\/strong> (<a href=\"https:\/\/www.agoda.com\/de-de\/banyan-tree-bangkok\/hotel\/bangkok-th.html?cid=1797874\" target=\"_blank\" rel=\"noopener\">agoda.com<\/a>)\u00a0<span style=\"color: #ffffff;\">Top 10 Hotels in Bangkok<\/span><\/p>\n<p>im\u00a0<a href=\"https:\/\/www.hotelscombined.com\/Hotel\/Banyan_Tree_Bangkok.htm?a_aid=190096\" target=\"_blank\" rel=\"noopener\">Banyan Tree<\/a>\u00a0Hotel findest du High-End Luxus. Es ist ber\u00fchmt f\u00fcr seine atemberaubende Rooftop Bar in der 61sten Etage. Die Moon Bar ist einer der h\u00f6chsten in Bangkok. Die gro\u00dfen R\u00e4ume haben einen klassischen Charakter und das Hotel ist beliebt bei angesehenen Cosmopolitans. Das\u00a0<a href=\"https:\/\/www.hotelscombined.com\/Hotel\/Banyan_Tree_Bangkok.htm?a_aid=190096\" target=\"_blank\" rel=\"noopener\">Banyan Tree<\/a>\u00a0Hotel ist auch eines der besten Spa Hotels in Bangkok und as einzige 5 Sterne &#8220;all-suite&#8221; Hotel in Bangkok. Preise starten bei 180\u20ac pro Nacht.\u00a0<a href=\"https:\/\/www.agoda.com\/de-de\/banyan-tree-bangkok\/hotel\/bangkok-th.html?cid=1797874\">BUCHE HIER<\/a>\u00a0mit Bester-Preis-Garantie.<\/p>\n<p>&nbsp;<\/p>\n<p>&nbsp;<\/p>\n<p>&nbsp;<\/p>\n<p>&nbsp;<\/p>\n<p>&nbsp;<\/p>\n<p><a href=\"https:\/\/www.hotelscombined.com\/Hotel\/Hotel_Muse_Bangkok_Langsuan_MGallery_Collection.htm?a_aid=190096\" target=\"_blank\" rel=\"noopener\"><img loading=\"lazy\" decoding=\"async\" class=\"alignleft\" src=\"\/\/pix6.agoda.net\/hotelImages\/262\/262813\/262813_16122609220049918930.jpg?s=480x360\" srcset=\"\/\/pix6.agoda.net\/hotelImages\/262\/262813\/262813_16122609220049918930.jpg?s=480x360 1x, \/\/pix6.agoda.net\/hotelImages\/262\/262813\/262813_16122609220049918930.jpg?s=960x720 2x\" alt=\"boutique hotel muse bangkok best hotel in bangkok\" width=\"480\" height=\"360\" \/><\/a><\/p>\n<h5><strong>7. TOP 10 HOTELS IN BANGKOK<\/strong><\/h5>\n<p>PREI-LEISTUNG\u00a0<strong>8,5<\/strong> (<a href=\"https:\/\/www.agoda.com\/de-de\/hotel-muse-bangkok\/hotel\/bangkok-th.html?cid=1797874\" target=\"_blank\" rel=\"noopener\">agoda.com<\/a>) <span style=\"color: #ffffff;\">Top 10 Hotels in Bangkok<\/span><\/p>\n<p>wenn du ein Hotel f\u00fcr dich und dein Frau oder Freundin suchst, ist das Bangkoks ber\u00fchmtes boutique Hotel\u00a0<a href=\"https:\/\/www.hotelscombined.com\/Hotel\/Hotel_Muse_Bangkok_Langsuan_MGallery_Collection.htm?a_aid=190096\" target=\"_blank\" rel=\"noopener\">Muse Bangkok<\/a>\u00a0ein Volltreffer. Reist zur\u00fcck in die goldenen Jahrzehnte und genie\u00dft ein Abendessen in dem 20er Ambiente Hotel mit bester Lage im Herzen von Bangkok. Die klassisch und romantisch eingerichteten gro\u00dfen Zimmer mit Badewanne werden euch \u00fcberzeugen. Auch hier gibt es einen Infinity Pool und eine Skybar im 25. Stock \ud83d\ude09 Preise starten bei <strong>180\u20ac<\/strong> pro Nacht.\u00a0<a href=\"https:\/\/www.agoda.com\/de-de\/hotel-muse-bangkok\/hotel\/bangkok-th.html?cid=1797874\">BUCHE HIER<\/a>\u00a0mit Bester-Preis-Garantie.<\/p>\n<p>&nbsp;<\/p>\n<p>&nbsp;<\/p>\n<p>&nbsp;<\/p>\n<p>&nbsp;<\/p>\n<p>&nbsp;<\/p>\n<p><a href=\"https:\/\/www.agoda.com\/partners\/partnersearch.aspx?pcs=10&amp;cid=1797874&amp;hid=1162294\" target=\"_blank\" rel=\"noopener\"><img decoding=\"async\" class=\"alignleft\" src=\"\/\/pix6.agoda.net\/hotelImages\/5514055\/0\/d5ad4355c000ba6ad6c33392100e84bd.jpg?s=480x360\" srcset=\"\/\/pix6.agoda.net\/hotelImages\/5514055\/0\/d5ad4355c000ba6ad6c33392100e84bd.jpg?s=480x360 1x, \/\/pix6.agoda.net\/hotelImages\/5514055\/0\/d5ad4355c000ba6ad6c33392100e84bd.jpg?s=960x720 2x\" \/><\/a><\/p>\n<h5><strong>8. TOP 10 HOTELS IN BANGKOK<\/strong><\/h5>\n<p>PREIS-LEISTUNG\u00a0<strong>8,6<\/strong> (<a href=\"https:\/\/www.agoda.com\/de-de\/novotel-bangkok-sukhumvit-20\/hotel\/bangkok-th.html?cid=1797874\" target=\"_blank\" rel=\"noopener\">agoda.com<\/a>)\u00a0<span style=\"color: #ffffff;\">Top 10 Hotels in Bangkok<\/span><\/p>\n<p>lasst uns zu bezahlbaren Zimmern wechseln. Das\u00a0<a href=\"https:\/\/www.hotelscombined.com\/Hotel\/Novotel_Bangkok_Sukhumvit_20.htm?a_aid=190096\" target=\"_blank\" rel=\"noopener\">Novotel Sukhumvit 20<\/a>\u00a0ist wohl das beste Hotel in Bangkok f\u00fcr unter 100\u20ac. Mein letzter Aufenthalt in Bangkok habe ich auch hier verbracht. Die Einrichtung ist super modern und sch\u00f6n gestaltet. Der Blick von den Zimmern ist wirklich sch\u00f6n und die Betten sind unglaublich bequem. Im 9. Stockwerk ist der Infinity Pool mit frischen Handt\u00fcchern und Bar. Die Rooftop Bar in der 26sten Etage hat von 17 bis 19 Uhr Happy Hour. Hier rate ich euch einen Tisch in der Ecke zu reservieren. Das Fr\u00fchst\u00fcck ist sein Geld wert und ein super start in den Tag. Gleich um die Ecke, auf dem Weg zum Skytrain sind super Street Food &#8220;Restaurants&#8221; f\u00fcr einen Mittagssnack. Preise starten bei <strong>95\u20ac<\/strong> pro Nacht.\u00a0<a href=\"https:\/\/www.agoda.com\/de-de\/novotel-bangkok-sukhumvit-20\/hotel\/bangkok-th.html?cid=1797874\">BUCHE HIER<\/a>\u00a0mit Bester-Preis-Garantie.<\/p>\n<p>&nbsp;<\/p>\n<p>&nbsp;<\/p>\n<h5><a href=\"https:\/\/www.agoda.com\/partners\/partnersearch.aspx?pcs=10&amp;cid=1797874&amp;hid=267184\" target=\"_blank\" rel=\"noopener\"><img decoding=\"async\" class=\"alignleft\" src=\"\/\/pix6.agoda.net\/hotelImages\/267\/267184\/267184_16060109340042969805.jpg?s=480x360\" srcset=\"\/\/pix6.agoda.net\/hotelImages\/267\/267184\/267184_16060109340042969805.jpg?s=480x360 1x, \/\/pix6.agoda.net\/hotelImages\/267\/267184\/267184_16060109340042969805.jpg?s=960x720 2x\" \/><\/a><br \/>\n9. TOP 10 HOTELS IN BANGKOK<\/h5>\n<p>PREIS-LEISTUNG\u00a0<strong>8,5<\/strong> (<a href=\"https:\/\/www.agoda.com\/de-de\/aetas-lumpini\/hotel\/bangkok-th.html?cid=1797874\" target=\"_blank\" rel=\"noopener\">agoda.com<\/a>)\u00a0<span style=\"color: #ffffff;\">Top 10 Hotels in Bangkok<\/span><\/p>\n<p>das\u00a0<a href=\"https:\/\/www.hotelscombined.com\/Hotel\/AETAS_lumpini.htm?a_aid=190096\" target=\"_blank\" rel=\"noopener\">AETAS Lumpini<\/a>\u00a0ist eins meiner Lieblings Hotels. Es ist direkt am Lumpini Park, in Bangkoks Gesch\u00e4fts Stadtteil. Die Zimmer sind wunderbar, der Infinity Pool im 9. Stockwerk ist halb unterdacht um dich von Bangkoks Hitze zu sch\u00fctzen und \u00fcberrascht mit einem grandiosem Blick auf den Lumpini Park. Um den vollen Service des 5 Sterne Hotels zu genie\u00dfen, upgrade dein Zimmer f\u00fcr nur 20\u20ac um in die &#8220;Executive Club Lounge&#8221; in der 28sten Etage zu kommen. Hier bekommst du eine menge Sonderrechte. Zu viele um alle aufzuz\u00e4hlen. Kostenlose Cocktails und H\u00e4ppchen von 18 bis 20 Uhr, fr\u00fcher Check-In und sp\u00e4ter Check-Out und der unglaubliche Blick nat\u00fcrlich, sind meine Favoriten. Preise starten bei <strong>95\u20ac<\/strong> pro Nacht. <strong>115\u20ac<\/strong>\u00a0mit Fr\u00fchst\u00fcck und Club Lounge zutritt.\u00a0<a href=\"https:\/\/www.agoda.com\/de-de\/aetas-lumpini\/hotel\/bangkok-th.html?cid=1797874\">BUCHE HIER<\/a>\u00a0mit Bester-Preis-Garantie.<\/p>\n<p>&nbsp;<\/p>\n<p>&nbsp;<\/p>\n<p><a href=\"https:\/\/www.hotelscombined.com\/Hotel\/Arte_Hotel_Bangkok.htm?a_aid=190096\" target=\"_blank\" rel=\"noopener\"><img loading=\"lazy\" decoding=\"async\" class=\"alignleft\" src=\"\/\/pix6.agoda.net\/hotelImages\/137\/1378714\/1378714_16100915130047563304.jpg?s=480x360\" srcset=\"\/\/pix6.agoda.net\/hotelImages\/137\/1378714\/1378714_16100915130047563304.jpg?s=480x360 1x, \/\/pix6.agoda.net\/hotelImages\/137\/1378714\/1378714_16100915130047563304.jpg?s=960x720 2x\" alt=\"arte bangkok best hotel in bangkok\" width=\"480\" height=\"360\" \/><\/a><\/p>\n<h5><strong>10. TOP 10 HOTELS IN BANGKOK<\/strong><\/h5>\n<p>PREIS-LEISTUNG\u00a0<strong>8,5<\/strong> (<a href=\"https:\/\/www.agoda.com\/de-de\/arte-hotel\/hotel\/bangkok-th.html?cid=1797874\" target=\"_blank\" rel=\"noopener\">agoda.com<\/a>)\u00a0<span style=\"color: #ffffff;\">Top 10 Hotels in Bangkok<\/span><\/p>\n<p>das letzte Hotel in unserer Top 10 Hotels in Bangkok Liste ist ein echter Diamant, auch f\u00fcr unter 100\u20ac. Das\u00a0<a href=\"https:\/\/www.hotelscombined.com\/Hotel\/Arte_Hotel_Bangkok.htm?a_aid=190096\" target=\"_blank\" rel=\"noopener\">Arte Hotel<\/a>\u00a0Bangkok bietet\u00a0hinreichend Luxus f\u00fcr einen kleinen Taler. Gleich an der Skytrain Station Asok, hat das Hotel die beste Lage um sich mit Bangkoks Trubel vertraut zu machen. Bek\u00e4mpfe Bangkoks Hitze im Infinity Pool und wache mit einem grandiosen Blick, in einem modernen Zimmer, das jeden Cent wert ist, auf. luxury for a small coin. Close to the Skytrain Station Asok, the Hotel has one of the best locations to become familiar with the Bangkoks hustle and bustle. Preise starten bei <strong>70\u20ac<\/strong> pro Nacht.\u00a0<a href=\"https:\/\/www.agoda.com\/de-de\/novotel-bangkok-sukhumvit-20\/hotel\/bangkok-th.html?cid=1797874\">BUCHE HIER<\/a>\u00a0mit Bester-Preis-Garantie.<\/p>\n<p>&nbsp;<\/p>\n<p>&nbsp;<\/p>\n<p>Wenn du bezahlbarere Hotels suchst, schau dir unsere Liste der \u00a0<a href=\"http:\/\/top-10-hotels-bangkok.com\/top-10-hotels-100eur-bangkok\/\">Top 10 Hotels under 100\u20ac<\/a> in Bangkok an! Du reist auf Low-Budget? Guck dir unsere Liste der\u00a0<a href=\"http:\/\/top-10-hotels-bangkok.com\/top-10-hotels-near-khao-san-road\/\">Top 10 Hotels near Khao San Road<\/a>\u00a0an. Dort sind Hotels und Hostels f\u00fcr unter 20\u20ac dabei. <a href=\"https:\/\/www.agoda.com?cid=1797874&amp;pcs=5\" target=\"_blank\" rel=\"noopener\">agoda.com<\/a> bietet Best-Preis-Garantie. Falls du eine andere Buchungsseite mit einem g\u00fcnstigeren Preis am gleichen Tag findest, an dem du bei <a href=\"https:\/\/www.agoda.com?cid=1797874&amp;pcs=5\" target=\"_blank\" rel=\"noopener\">agoda<\/a> buchst, mach eine Screenshot und sende ihn ein. Du bekommst einen Preisnachlass, garantiert zum g\u00fcnstigeren Preis. Nach unserer Erfahrung ist\u00a0<a href=\"https:\/\/www.agoda.com?cid=1797874&amp;pcs=5\" target=\"_blank\" rel=\"noopener\">agoda<\/a>\u00a0aber immer am billigsten, zumindest in Thailand und Laos.<\/p>\n<p>&nbsp;<\/p>\n<p>&nbsp;<\/p>\n","protected":false},"excerpt":{"rendered":"<h5><a href=\"https:\/\/www.agoda.com\/partners\/partnersearch.aspx?cid=1797874&amp;pcs=1&amp;hid=1266554\" target=\"_blank\" rel=\"noopener\"><img decoding=\"async\" class=\"alignleft\" src=\"\/\/pix6.agoda.net\/hotelImages\/126\/1266554\/1266554_17052411400053187019.jpg?s=480x360\" srcs...\n<\/p>\n","protected":false},"author":1,"featured_media":0,"parent":0,"menu_order":0,"comment_status":"closed","ping_status":"closed","template":"","meta":{"footnotes":""},"class_list":["post-2","page","type-page","status-publish","hentry"],"_links":{"self":[{"href":"http:\/\/top-10-hotels-bangkok.com\/de_DE\/wp-json\/wp\/v2\/pages\/2","targetHints":{"allow":["GET"]}}],"collection":[{"href":"http:\/\/top-10-hotels-bangkok.com\/de_DE\/wp-json\/wp\/v2\/pages"}],"about":[{"href":"http:\/\/top-10-hotels-bangkok.com\/de_DE\/wp-json\/wp\/v2\/types\/page"}],"author":[{"embeddable":true,"href":"http:\/\/top-10-hotels-bangkok.com\/de_DE\/wp-json\/wp\/v2\/users\/1"}],"replies":[{"embeddable":true,"href":"http:\/\/top-10-hotels-bangkok.com\/de_DE\/wp-json\/wp\/v2\/comments?post=2"}],"version-history":[{"count":195,"href":"http:\/\/top-10-hotels-bangkok.com\/de_DE\/wp-json\/wp\/v2\/pages\/2\/revisions"}],"predecessor-version":[{"id":1320,"href":"http:\/\/top-10-hotels-bangkok.com\/de_DE\/wp-json\/wp\/v2\/pages\/2\/revisions\/1320"}],"wp:attachment":[{"href":"http:\/\/top-10-hotels-bangkok.com\/de_DE\/wp-json\/wp\/v2\/media?parent=2"}],"curies":[{"name":"wp","href":"https:\/\/api.w.org\/{rel}","templated":true}]}}